{"id":1072,"date":"2023-11-15T12:41:36","date_gmt":"2023-11-15T10:41:36","guid":{"rendered":"https:\/\/geticaooh.ro\/?page_id=1072"},"modified":"2024-04-22T12:56:37","modified_gmt":"2024-04-22T09:56:37","slug":"politica-de-confidentialitate","status":"publish","type":"page","link":"https:\/\/geticaooh.ro\/ro\/politica-de-confidentialitate\/","title":{"rendered":"Politica de confiden\u021bialitate"},"content":{"rendered":"<div class=\"row align-center\"  id=\"row-46073180\">\n\n\t<div id=\"col-1251964772\" class=\"col small-12 large-12\"  >\n\t\t\t\t<div class=\"col-inner text-center\"  >\n\t\t\t\n\t\t\t\n\t<div id=\"gap-975062340\" class=\"gap-element clearfix\" style=\"display:block; height:auto;\">\n\t\t\n<style>\n#gap-975062340 {\n  padding-top: 30px;\n}\n<\/style>\n\t<\/div>\n\t\n<h1><span style=\"font-size: 120%;\">POLITICA DE CONFIDEN\u021aIALITATE<\/span><\/h1>\n<h3>Politica de confiden\u021bialitate \u2013 aplicabil\u0103 prelucr\u0103rii datelor cu caracter personal efectuate prin intermediul site-ului geticaooh.ro<\/h3>\n<p>Ultima actualizare: Mai 2018<\/p>\n<div class=\"is-divider divider clearfix\" style=\"max-width:150px;height:10px;background-color:rgb(66, 135, 191);\"><\/div>\n<p class=\"p1\"><strong>Not\u0103: \u00cen cazul unor discrepan\u021be \u00eentre versiunile \u00een limba englez\u0103 \u0219i rom\u00e2n\u0103<\/strong><br \/><strong>ale Politicii de Confiden\u021bialitate (Privacy Policy), versiunea \u00een limba rom\u00e2n\u0103 primeaz\u0103.<\/strong><\/p>\n<div class=\"is-divider divider clearfix\" style=\"max-width:150px;height:10px;background-color:rgb(66, 135, 191);\"><\/div>\n<h3 style=\"text-align: left;\">Informa\u021bii generale<\/h3>\n<p>Confiden\u021bialitatea datelor dumneavoastr\u0103 cu caracter personal reprezint\u0103 una dintre preocup\u0103rile principale ale GETICA OOH SRL, cu sediul \u00een Bucure\u0219ti, \u00een calitate de operator de date. Acest document are rolul de a v\u0103 informa cu privire la prelucrarea datelor dumneavoastr\u0103 cu caracter personal, \u00een contextul utiliz\u0103rii paginii de internet <a href=\"https:\/\/geticaooh.ro\/\">www.geticaooh.ro<\/a> (\u201cSite-ul\u201d).<\/p>\n<p>\u00a0<\/p>\n<h3 style=\"text-align: left;\">Categoriile de date cu caracter personal prelucrate<\/h3>\n<p>Dac\u0103 sunte\u021bi vizitator al Site-ului, GETICA OOH SRL va prelucra datele dumneavoastr\u0103 cu caracter personal pe care le furniza\u021bi \u00een mod direct \u00een contextul utiliz\u0103rii Site-ului, cum ar fi datele pe care le furniza\u021bi \u00een cadrul sec\u021biunii de contact \/ \u00eentreb\u0103ri \/ reclama\u021bii, \u00een m\u0103sura \u00een care ne contacta\u021bi \u00een acest fel.<\/p>\n<p>\u00a0<\/p>\n<h3 style=\"text-align: left;\">Scopurile \u0219i temeiurile de prelucr\u0103rii<\/h3>\n<p>Dac\u0103 sunte\u021bi vizitator al Site-ului, GETICA OOH SRL prelucreaz\u0103 datele dumneavoastr\u0103 cu caracter personal astfel:<\/p>\n<ul>\n<li>pentru activit\u0103\u0163i de marketing, respectiv pentru transmiterea, prin intermediul mijloacelor de comunicare la distan\u0163\u0103 (e-mail, sms), de comunic\u0103ri comerciale privind produsele \u015fi serviciile oferite de GETICA OOH SRL, prin intermediul Site-ului.<\/li>\n<\/ul>\n<p>Temei: Prelucrarea datelor dumneavoastr\u0103 pentru acest scop are la baz\u0103 consim\u021b\u0103m\u00e2ntul dumneavoastr\u0103, dac\u0103 alege\u021bi s\u0103-l furniza\u021bi.<\/p>\n<p>V\u0103 pute\u021bi exprima consim\u021b\u0103m\u00e2ntul pentru prelucrarea datelor \u00een acest scop prin completarea \u0219i bifarea c\u0103su\u021bei corespunz\u0103toare din formularul pentru abonarea la newsletter disponibil pe Site. Pentru dezabonarea de la primirea unor astfel de comunic\u0103ri comerciale pute\u021bi folosi op\u0163iunea de la finalul fiec\u0103rui e-mail\/ sms con\u0163in\u00e2nd comunic\u0103ri comerciale.<\/p>\n<p>Furnizarea datelor dumneavoastr\u0103 \u00een acest scop este voluntar\u0103. Refuzul furniz\u0103rii consim\u021b\u0103m\u00e2ntului pentru prelucrarea datelor dumneavoastr\u0103 \u00een acest scop nu va avea urm\u0103ri negative pentru dumneavoastr\u0103.<\/p>\n<ul>\n<li>pentru rezolvarea pl\u00e2ngerilor, reclama\u0163iilor \u015fi pentru a monitoriza traficul \u0219i a \u00eembun\u0103t\u0103\u0163ii experien\u021ba dumneavoastr\u0103 oferit\u0103 pe Site.<\/li>\n<\/ul>\n<p>Temei: Prelucrarea datelor dumneavoastr\u0103 pentru acest scop are la baz\u0103 interesul legitim al GETICA OOH SRL de a asigura func\u021bionarea corect\u0103 a Site-ului, precum \u0219i pentru a \u00eembun\u0103t\u0103\u021bii permanent experien\u021ba vizitatorilor Site-ului, inclusiv prin solu\u021bionarea diferitelor comentarii, \u00eentreb\u0103ri sau reclama\u021bii.<\/p>\n<p>Furnizarea datelor dumneavoastr\u0103 \u00een acest scop este voluntar\u0103. Refuzul furniz\u0103rii datelor pentru acest scop nu va avea urm\u0103ri negative pentru dumneavoastr\u0103.<\/p>\n<p>\u00a0<\/p>\n<h3 style=\"text-align: left;\">Durata pentru care v\u0103 prelucr\u0103m datele<\/h3>\n<p>Ca principiu, GETICA OOH SRL va prelucra datele dumneavoastr\u0103 cu caracter personal at\u00e2t c\u00e2t este necesar pentru realizarea scopurilor de prelucrare men\u021bionate mai sus.<\/p>\n<p>Dac\u0103 v\u0103 retrage\u021bi consim\u021b\u0103m\u00e2ntul pentru prelucrarea datelor \u00een scop de marketing, GETICA OOH SRL va \u00eenceta prelucrarea datelor dumneavoastr\u0103 cu caracter personal \u00een acest scop, f\u0103r\u0103 \u00eens\u0103 a afecta prelucr\u0103rile desf\u0103\u0219urate de GETICA OOH SRL pe baza consim\u021b\u0103m\u00e2ntului exprimat de c\u0103tre dumneavoastr\u0103 \u00eenainte de retragerea acestuia.<\/p>\n<p>\u00a0<\/p>\n<h3 style=\"text-align: left;\">Dezv\u0103luirea datelor cu caracter personal<\/h3>\n<p>Pentru \u00eendeplinirea scopurilor de prelucrare, GETICA OOH SRL poate dezv\u0103lui datele dumneavoastr\u0103 c\u0103tre parteneri, c\u0103tre ter\u021be persoane sau entit\u0103\u021bi care sprijin\u0103 GETICA OOH SRL \u00een desf\u0103\u0219urarea activit\u0103\u021bii prin intermediul Site-ului (de exemplu firme de curierat, furnizori de servicii IT), ori c\u0103tre autorit\u0103\u021bile publice centrale\/locale, \u00een urm\u0103toarele cazuri exemplificativ enumerate:<\/p>\n<ul>\n<li>pentru administrarea Site-ului;<\/li>\n<li>\u00een situa\u021biile \u00een care aceast\u0103 comunicare ar fi necesar\u0103 pentru atribuirea de premii sau alte facilit\u0103\u021bi persoanelor vizate, ob\u021binute ca urmare a particip\u0103rii lor la diverse campanii promo\u021bionale organizate de c\u0103tre GETICA OOH SRL prin intermediul Site-ului;<\/li>\n<li>pentru men\u021binerea, personalizarea \u0219i \u00eembun\u0103t\u0103\u021birea Site-ului \u0219i a serviciilor derulate prin intermediul lui;<\/li>\n<li>pentru efectuarea analizei datelor, testarea \u0219i cercetarea, monitorizarea tendin\u021belor de utilizare \u0219i activitate, dezvoltarea caracteristicilor de siguran\u021b\u0103 \u0219i autentificarea utilizatorilor;<\/li>\n<li>pentru transmiterea de comunic\u0103ri comerciale de marketing, \u00een condi\u021biile \u0219i limitele prev\u0103zute de lege;<\/li>\n<li>atunci c\u00e2nd dezv\u0103luirea datelor cu caracter personal este prev\u0103zut\u0103 de lege etc.<\/li>\n<\/ul>\n<p>\u00a0<\/p>\n<h3 style=\"text-align: left;\">Transferul datelor cu caracter personal<\/h3>\n<p style=\"text-align: left;\">Datele cu caracter personal furnizate c\u0103tre GETICA OOH SRL pot fi transferate \u00een afara Rom\u00e2niei, dar doar c\u0103tre state din Uniunea European\u0103.<\/p>\n<p>\u00a0<\/p>\n<h3 style=\"text-align: left;\">Drepturile de care beneficia\u021bi<\/h3>\n<p>\u00cen condi\u021biile prev\u0103zute de legisla\u021bia \u00een materia prelucr\u0103rii datelor cu caracter personal, \u00een calitate de persoane vizate, beneficia\u021bi de urm\u0103toarele drepturi:<\/p>\n<ul>\n<li>dreptul la informare, respectiv dreptul de a primi detalii privind activit\u0103\u021bile de prelucrare efectuate de c\u0103tre GETICA OOH SRL, conform celor descrise \u00een prezentul document;<\/li>\n<li>dreptul de acces la date, respectiv dreptul de a ob\u021bine confirmarea din partea GETICA OOH SRL cu privire la prelucrarea datelor cu caracter personal, precum \u0219i detalii privind activit\u0103\u021bile de prelucrare precum modalitatea \u00een care sunt prelucrate datele, scopul \u00een care se face prelucrarea, destinatarii sau categoriile de destinatari ai datelor, etc;<\/li>\n<li>dreptul la rectificare, respectiv dreptul de a ob\u021bine corectarea, f\u0103r\u0103 \u00eent\u00e2rzieri justificate, de c\u0103tre GETICA OOH SRL a datelor cu caracter personal inexacte\/ nejustificate, precum \u0219i completarea datelor incomplete; Rectificarea\/ completarea va fi comunicat\u0103 fiec\u0103rui destinatar la care au fost transmise datele, cu excep\u021bia cazului \u00een care acest lucru se dovede\u0219te imposibil sau presupune eforturi dispropor\u021bionate.<\/li>\n<li>dreptul la \u0219tergerea datelor, f\u0103r\u0103 \u00eent\u00e2rzieri nejustificate, (\u201cdreptul de a fi uitat\u201d), \u00een cazul in care se aplic\u0103 unul dintre urm\u0103toarele motive:\n<ul>\n<li>acestea nu mai sunt necesare pentru \u00eendeplinirea scopurilor pentru care au fost colectate sau prelucrate;<\/li>\n<li>\u00een cazul \u00een care este retras consim\u021b\u0103m\u00e2ntul \u0219i nu exist\u0103 niciun alt temei juridic pentru prelucrare;<\/li>\n<li>\u00een cazul \u00een care persoana vizat\u0103 se opune prelucr\u0103rii \u0219i nu exist\u0103 motive legitime care s\u0103 prevaleze;<\/li>\n<li>\u00een cazul \u00een care datele cu caracter personal au fost prelucrate ilegal;<\/li>\n<li>\u00een cazul \u00een care datele cu caracter personal trebuie \u0219terse pentru respectarea unei obliga\u021bii legale;<\/li>\n<li>datele cu caracter personal au fost colectate \u00een leg\u0103tur\u0103 cu oferirea de servicii ale societ\u0103\u021bii informa\u021bionale conform dreptului Uniunii sau al dreptului intern sub incidenta c\u0103ruia se afl\u0103 operatorul.<\/li>\n<\/ul>\n<\/li>\n<\/ul>\n<p>\u00a0<\/p>\n<p>Este posibil ca, \u00een urma solicit\u0103rii de \u0219tergere a datelor, GETICA OOH SRL s\u0103 anonimizeze aceste date (lipsindu-le astfel de caracterul personal) \u0219i s\u0103 continue \u00een aceste condi\u021bii prelucrarea pentru scopuri statistice;<\/p>\n<ul>\n<li>dreptul la restric\u021bionarea prelucr\u0103rii \u00een m\u0103sura \u00een care :\n<ul>\n<li>persoana contest\u0103 exactitatea datelor, pe o perioad\u0103 care ne permite verificarea corectitudinii datelor;<\/li>\n<li>prelucrarea este ilegal\u0103, iar persoana vizat\u0103 se opune \u0219tergerii datelor cu caracter personal, solicit\u00e2nd \u00een schimb restric\u021bionarea utiliz\u0103rii lor;<\/li>\n<li>operatorul nu mai are nevoie de datele cu caracter personal \u00een scopul prelucr\u0103rii, dar persoana vizat\u0103 i le solicit\u0103 pentru constatarea, exercitarea sau ap\u0103rarea unui drept \u00een instan\u021b\u0103; sau<\/li>\n<li>persoana vizat\u0103 s-a opus prelucr\u0103rii (altele dec\u00e2t cele de marketing direct), pentru intervalul de timp \u00een care se verific\u0103 dac\u0103 drepturile legitime ale operatorului prevaleaz\u0103 asupra celor ale persoanei vizate.<\/li>\n<\/ul>\n<\/li>\n<li>dreptul la portabilitatea datelor, respectiv (i) dreptul de a primi datele cu caracter personal \u00eentr-o modalitate structurat\u0103, folosit\u0103 \u00een mod obi\u0219nuit \u0219i \u00eentr-un format u\u0219or de citit, precum \u0219i (ii) dreptul ca aceste date s\u0103 fie transmise de c\u0103tre GETICA OOH SRL c\u0103tre alt operator de date, \u00een m\u0103sura \u00een care sunt \u00eendeplinite condi\u021biile prev\u0103zute de lege;<\/li>\n<li>dreptul la opozi\u021bie \u2013 \u00een ceea ce prive\u0219te activit\u0103\u021bile de prelucrare se poate exercita prin transmiterea unei solicit\u0103ri conform celor indicate mai jos;\n<ul>\n<li>\u00een orice moment, din motive legate de situa\u021bia particular\u0103 \u00een care se afl\u0103 persoana vizat\u0103, ca datele care o vizeaz\u0103 s\u0103 fie prelucrate \u00een temeiul interesului legitim al GETICA OOH SRL sau \u00een temeiul interesului public, cu excep\u021bia cazurilor \u00een care GETICA OOH SRL poate demonstra c\u0103 are motive legitime \u0219i imperioase care justific\u0103 prelucarea \u0219i care prevaleaz\u0103 asupra intereselor, drepturilor \u0219i libert\u0103\u021bilor persoanelor vizate sau c\u0103 scopul este constatarea, exercitarea sau apararea unui drept \u00een instan\u021b\u0103;<\/li>\n<li>\u00een orice moment, \u00een mod gratuit \u0219i f\u0103r\u0103 nicio justificare, c\u0103 datele care o vizeaz\u0103 s\u0103 fie prelucrate \u00een scop de marketing direct.<\/li>\n<\/ul>\n<\/li>\n<li>dreptul de a nu fi supus unei decizii individuale automate, respectiv dreptul de a nu fi subiectul unei decizii luate numai pe baza unor activit\u0103\u021bi de prelucrare automate, inclusiv crearea de profiluri, care produce efecte juridice care privesc persoana vizat\u0103 sau o afecteaz\u0103 \u00een mod similar \u00eentr-o m\u0103sur\u0103 semnificativ\u0103;<\/li>\n<li>dreptul de a v\u0103 adresa Autorit\u0103\u0163ii Na\u0163ionale de Supraveghere a Prelucr\u0103rii Datelor cu Caracter Personal sau instan\u021belor competente, \u00een m\u0103sura \u00een care considera\u021bi necesar.<\/li>\n<\/ul>\n<p>\u00a0<\/p>\n<hr \/>\n<p>Pentru orice \u00eentreb\u0103ri suplimentare cu privire la modul \u00een care datele cu caracter personal sunt prelucrate \u0219i pentru a v\u0103 exercita drepturile men\u021bionate mai sus, v\u0103 rug\u0103m s\u0103 v\u0103 adresa\u021bi la adresa de email: <a href=\"mailto:gdpr@geticaooh.ro\">gdpr@geticaooh.ro<\/a>.<\/p>\n<p><strong>Aceast\u0103 pagin\u0103 de internet folose\u0219te fi\u0219iere de tip cookie. Pentru mai multe informa\u021bii cu privire la modul \u00een care se folosesc aceste fi\u0219iere, v\u0103 rug\u0103m citi\u021bi <a href=\"https:\/\/geticaooh.ro\/ro\/politica-de-cookieuri\/\">Politica de cookie-uri<\/a>, acces\u00e2nd acest <a href=\"https:\/\/geticaooh.ro\/ro\/politica-de-cookieuri\/\">link<\/a>.<\/strong><\/p>\n\t<div id=\"gap-452477317\" class=\"gap-element clearfix\" style=\"display:block; height:auto;\">\n\t\t\n<style>\n#gap-452477317 {\n  padding-top: 30px;\n}\n<\/style>\n\t<\/div>\n\t\n<div class=\"is-divider divider clearfix\" style=\"max-width:100%;height:1px;background-color:rgb(66, 135, 191);\"><\/div>\n\t\t<\/div>\n\t\t\t\t\t<\/div>\n\n\t\n\n<\/div>\n","protected":false},"excerpt":{"rendered":"","protected":false},"author":1,"featured_media":0,"parent":0,"menu_order":0,"comment_status":"closed","ping_status":"closed","template":"","meta":{"footnotes":""},"class_list":["post-1072","page","type-page","status-publish","hentry"],"_links":{"self":[{"href":"https:\/\/geticaooh.ro\/ro\/wp-json\/wp\/v2\/pages\/1072","targetHints":{"allow":["GET"]}}],"collection":[{"href":"https:\/\/geticaooh.ro\/ro\/wp-json\/wp\/v2\/pages"}],"about":[{"href":"https:\/\/geticaooh.ro\/ro\/wp-json\/wp\/v2\/types\/page"}],"author":[{"embeddable":true,"href":"https:\/\/geticaooh.ro\/ro\/wp-json\/wp\/v2\/users\/1"}],"replies":[{"embeddable":true,"href":"https:\/\/geticaooh.ro\/ro\/wp-json\/wp\/v2\/comments?post=1072"}],"version-history":[{"count":0,"href":"https:\/\/geticaooh.ro\/ro\/wp-json\/wp\/v2\/pages\/1072\/revisions"}],"wp:attachment":[{"href":"https:\/\/geticaooh.ro\/ro\/wp-json\/wp\/v2\/media?parent=1072"}],"curies":[{"name":"wp","href":"https:\/\/api.w.org\/{rel}","templated":true}]}}