{"id":1075,"date":"2024-01-31T20:41:57","date_gmt":"2024-01-31T18:41:57","guid":{"rendered":"https:\/\/geticaooh.ro\/?page_id=1075"},"modified":"2024-04-26T19:12:03","modified_gmt":"2024-04-26T16:12:03","slug":"politica-de-cookieuri","status":"publish","type":"page","link":"https:\/\/geticaooh.ro\/ro\/politica-de-cookieuri\/","title":{"rendered":"Politica de cookie-uri"},"content":{"rendered":"<div class=\"row align-center\"  id=\"row-720514958\">\n\n\t<div id=\"col-1074060410\" class=\"col small-12 large-12\"  >\n\t\t\t\t<div class=\"col-inner text-center\"  >\n\t\t\t\n\t\t\t\n\t<div id=\"gap-1892312084\" class=\"gap-element clearfix\" style=\"display:block; height:auto;\">\n\t\t\n<style>\n#gap-1892312084 {\n  padding-top: 30px;\n}\n<\/style>\n\t<\/div>\n\t\n<h1><span style=\"font-size: 120%;\">POLITICA DE COOKIE-URI<\/span><\/h1>\n<h3>Aceast\u0103 Politic\u0103 privind cookie-urile explic\u0103 ce sunt cookie-urile \u0219i cum le utiliz\u0103m pe site-ul geticaooh.ro.<\/h3>\n<div class=\"is-divider divider clearfix\" style=\"max-width:150px;height:10px;background-color:rgb(66, 135, 191);\"><\/div>\n<p><strong>\u00cen cazul \u00een care exist\u0103 discrepan\u021be \u00eentre versiunile \u00een limba englez\u0103 \u0219i cea \u00een limba rom\u00e2n\u0103<br \/>a Politicii de cookie-uri (Cookies Policy), atunci versiunea \u00een limba rom\u00e2n\u0103 primeaz\u0103.<\/strong><\/p>\n<div class=\"is-divider divider clearfix\" style=\"max-width:150px;height:10px;background-color:rgb(66, 135, 191);\"><\/div>\n\t<div id=\"gap-637569514\" class=\"gap-element clearfix\" style=\"display:block; height:auto;\">\n\t\t\n<style>\n#gap-637569514 {\n  padding-top: 30px;\n}\n<\/style>\n\t<\/div>\n\t\n<div class=\"cli_pg_page_contaner\">\n<h3 style=\"text-align: left;\">Introducere<\/h3>\n<p style=\"text-align: left;\">Prezenta Politic\u0103 privind fi\u0219ierele cookies (Politica de cookie-uri) se aplic\u0103 tuturor utilizatorilor paginii de internet <a href=\"https:\/\/geticaooh.ro\/\">www.geticaooh.ro<\/a>. Informa\u021biile prezentate \u00een continuare au ca scop informarea utilizatorilor acestei pagini de internet cu privire la plasarea, utilizarea \u0219i administrarea cookie-urilor de c\u0103tre GETICA OOH SRL \u00een contextul navig\u0103rii utilizatorilor pe aceast\u0103 pagin\u0103 de internet.<\/p>\n<p style=\"text-align: left;\">\u00a0<\/p>\n<h3 style=\"text-align: left;\">Ce sunt cookie-urile?<\/h3>\n<p style=\"text-align: left;\">Folosim termenul \u201ccookie\u201d-uri pentru a ne referi la modulele cookie \u0219i la tehnologiile similare prin intermediul c\u0103rora pot fi colectate informa\u021bii \u00een mod automat.<\/p>\n<p style=\"text-align: left;\">Un \u201cInternet Cookie\u201d (termen cunoscut \u0219i sub denumirea de \u201cbrowser cookie\u201d sau \u201cHTTP cookie\u201d ori \u201ccookie\u201d) reprezint\u0103 un fi\u0219ier de mici dimensiuni, format din litere \u0219i numere, care va fi stocat pe computerul, terminalul mobil sau pe alte echipamente ale unui utilizator prin intermediul c\u0103rora se acceseaz\u0103 internetul.<\/p>\n<p style=\"text-align: left;\">Cookie-urile sunt instalate prin solicitarea emis\u0103 de un server web c\u0103tre un browser (de ex.: Internet Explorer, Firefox, Chrome, Edge). Cookie-urile odat\u0103 instalate au o durat\u0103 de existen\u021b\u0103 determinat\u0103, r\u0103m\u00e2n\u00e2nd \u201cpasive\u201d, \u00een sensul c\u0103 nu con\u021bin programe software, viru\u0219i sau spyware \u0219i nu vor accesa informa\u021biile de pe hard driverul utilizatorului pe al c\u0103rui echipament au fost instalate.<\/p>\n<p style=\"text-align: left;\">Un cookie este format din dou\u0103 p\u0103r\u021bi: numele cookie-ului \u0219i con\u021binutul sau valoarea cookie-ului.<\/p>\n<p style=\"text-align: left;\">Din punct de vedere tehnic, doar serverul web care a trimis cookie-ul \u00eel poate accesa din nou \u00een momentul \u00een care un utilizator se \u00eentoarce pe pagina de internet asociat\u0103 serverului respectiv.<\/p>\n<p style=\"text-align: left;\">\u00a0<\/p>\n<h3 style=\"text-align: left;\">Pentru ce scopuri sunt utilizate cookie-urile prin intermediul acestei pagini de internet?<\/h3>\n<p style=\"text-align: left;\">Cookie-urile sunt utilizate pentru a furniza utilizatorilor acestei pagini de internet o experien\u021b\u0103 mai bun\u0103 de navigare \u0219i servicii adaptate nevoilor \u0219i interesului fiec\u0103rui utilizator \u00een parte \u0219i anume pentru:<\/p>\n<p style=\"text-align: left;\">\u00eembun\u0103t\u0103\u021birea utiliz\u0103rii acestei pagini de internet, inclusiv prin identificarea oric\u0103ror erori care apar \u00een timpul vizit\u0103rii\/utiliz\u0103rii acesteia de c\u0103tre utilizatori; furnizarea de statistici anonime cu privire la modul \u00een care este utilizat\u0103 aceast\u0103 pagin\u0103 de internet c\u0103tre GETICA OOH SRL, \u00een calitate de de\u021bin\u0103tor al acestei pagini de internet;<\/p>\n<p style=\"text-align: left;\">Anticiparea unor eventuale bunuri care vor fi \u00een viitor puse la dispozi\u021bia utilizatorilor prin intermediul acestei pagini de internet, \u00een func\u021bie de serviciile \/ produsele accesate. Pe baza feedback-ului transmis prin cookie-uri \u00een leg\u0103tur\u0103 cu modul \u00een care se utilizeaz\u0103 aceast\u0103 pagin\u0103 de internet, GETICA OOH SRL poate adopta m\u0103suri pentru ca aceast\u0103 pagin\u0103 de internet s\u0103 fie mai eficient\u0103 \u0219i mai accesibil\u0103 pentru utilizatori. Astfel, utilizarea cookie-urilor permite memorarea anumitor set\u0103ri\/preferin\u021be stabilite de c\u0103tre utilizatorii acestei pagini de internet, precum analiza traficului site-ului.<\/p>\n<p style=\"text-align: left;\">\u00a0<\/p>\n<h3 style=\"text-align: left;\">Care este durata de via\u021b\u0103 a cookie-urilor?<\/h3>\n<p style=\"text-align: left;\">Durata de via\u021b\u0103 a cookie-urilor poate varia semnificativ, depinz\u00e2nd de scopul pentru care este plasat. Exist\u0103 urm\u0103toarele categorii de cookie-uri care determin\u0103 \u0219i durata de via\u021b\u0103 a acestora:<\/p>\n<ul style=\"text-align: left;\">\n<li>Cookie-uri de sesiune \u2013 Un \u201ccookie de sesiune\u201d este un cookie care este \u0219ters automat c\u00e2nd utilizatorul \u00ee\u0219i \u00eenchide browserul.<\/li>\n<li style=\"text-align: left;\">Cookie-uri persistente sau fixe \u2013 Un \u201ccookie persistent\u201d sau \u201cfix\u201d este un cookie care r\u0103m\u00e2ne stocat \u00een terminalul utilizatorului p\u00e2n\u0103 c\u00e2nd atinge o anumit\u0103 dat\u0103 de expirare (care poate fi \u00een c\u00e2teva minute, zile sau c\u00e2\u021biva ani \u00een viitor) sau p\u00e2n\u0103 la \u0219tegerea acestuia de c\u0103tre utilizator \u00een orice moment prin intermediul set\u0103rilor browserului.<\/li>\n<\/ul>\n<h3 style=\"text-align: left;\">\u00a0<\/h3>\n<h3 style=\"text-align: left;\">Ce sunt cookie-urile plasate de ter\u021bi?<\/h3>\n<p style=\"text-align: left;\">Anumite sec\u021biuni de con\u021binut de pe pagina de internet pot fi furnizate prin intermediul unor ter\u021bi, adic\u0103 nu de c\u0103tre GETICA OOH SRL, caz \u00een care aceste cookie-uri sunt denumite cookie-uri plasate de ter\u021bi (\u201cthird party cookies\u201d). Ter\u021bii furnizori ai cookie-urilor trebuie s\u0103 respecte, de asemenea, regulile \u00een materie de protec\u021bie a datelor \u0219i Politica de confiden\u021bialitate. Aceste cookie-uri pot proveni de la urmatorii ter\u021bi: Google Analytics, Facebook.<\/p>\n<p style=\"text-align: left;\">\u00a0<\/p>\n<h3 style=\"text-align: left;\">Ce cookie-uri sunt folosite prin intermediul acestei pagini de internet?<\/h3>\n<p style=\"text-align: left;\">La fel ca majoritatea site-urilor de pe internet, site-ul nostru web poate plasa cookie-uri.<\/p>\n<p style=\"text-align: left;\">Cookie-urile utilizate pe site-ul nostru web sunt grupate \u00een urm\u0103toarele categorii.<\/p>\n<p style=\"text-align: left;\"><div class=\"wt-cli-element cli_cookie_category_single\"><div class=\"cli_cookie_category_single\"><h5 class=\"cli_cookie_category_single_hd\">Necesare<\/h5><div class=\"cli_cookie_category_single_description\"><p>Cookie-urile necesare sunt absolut esen\u021biale pentru ca site-ul web s\u0103 func\u021bioneze corect. Aceste cookie-uri asigur\u0103 func\u021bionalit\u0103\u021bi de baz\u0103 \u0219i caracteristici de securitate ale site-ului web, \u00een mod anonim.\r\n<table class=\"wt-cli-element cookielawinfo-row-cat-table cookielawinfo-winter\"><thead><tr><th scope=\"col\" class=\"cookielawinfo-column-1\">Cookie<\/th><th scope=\"col\" class=\"cookielawinfo-column-3\">Duration<\/th><th scope=\"col\" class=\"cookielawinfo-column-4\">Description<\/th><\/tr><\/thead><tbody><tr class=\"cookielawinfo-row\"><td class=\"cookielawinfo-column-1\">cookielawinfo-checkbox-advertisement<\/td><td class=\"cookielawinfo-column-3\">1 year<\/td><td class=\"cookielawinfo-column-4\">Setat de plugin-ul GDPR Cookie Consent, acest cookie \u00eenregistreaz\u0103 consim\u021b\u0103m\u00e2ntul utilizatorului pentru cookie-urile din categoria \"Publicitate\".<\/td><\/tr><tr class=\"cookielawinfo-row\"><td class=\"cookielawinfo-column-1\">cookielawinfo-checkbox-analytics<\/td><td class=\"cookielawinfo-column-3\">11 months<\/td><td class=\"cookielawinfo-column-4\">Acest cookie este setat de plugin-ul GDPR Cookie Consent. Cookie-ul este folosit pentru a stoca consim\u021b\u0103m\u00e2ntul utilizatorului pentru cookie-urile din categoria \"Analitic\u0103\".<\/td><\/tr><tr class=\"cookielawinfo-row\"><td class=\"cookielawinfo-column-1\">cookielawinfo-checkbox-functional<\/td><td class=\"cookielawinfo-column-3\">11 months<\/td><td class=\"cookielawinfo-column-4\">Cookie-ul este setat de consim\u021b\u0103m\u00e2ntul pentru cookie-urile GDPR pentru a \u00eenregistra consim\u021b\u0103m\u00e2ntul utilizatorului pentru cookie-urile din categoria \"Func\u021bional\".<\/td><\/tr><tr class=\"cookielawinfo-row\"><td class=\"cookielawinfo-column-1\">cookielawinfo-checkbox-necessary<\/td><td class=\"cookielawinfo-column-3\">11 months<\/td><td class=\"cookielawinfo-column-4\">Acest cookie este setat de plugin-ul GDPR Cookie Consent. Cookie-ul este folosit pentru a stoca consim\u021b\u0103m\u00e2ntul utilizatorului pentru cookie-urile din categoria \"Necesare\".<\/td><\/tr><tr class=\"cookielawinfo-row\"><td class=\"cookielawinfo-column-1\">cookielawinfo-checkbox-others<\/td><td class=\"cookielawinfo-column-3\">11 months<\/td><td class=\"cookielawinfo-column-4\">Acest cookie este setat de plugin-ul GDPR Cookie Consent. Cookie-ul este folosit pentru a stoca consim\u021b\u0103m\u00e2ntul utilizatorului pentru cookie-urile din categoria \"Altele\".<\/td><\/tr><tr class=\"cookielawinfo-row\"><td class=\"cookielawinfo-column-1\">cookielawinfo-checkbox-performance<\/td><td class=\"cookielawinfo-column-3\">11 months<\/td><td class=\"cookielawinfo-column-4\">Acest cookie este setat de plugin-ul GDPR Cookie Consent. Cookie-ul este folosit pentru a stoca consim\u021b\u0103m\u00e2ntul utilizatorului pentru cookie-urile din categoria \"Performan\u021b\u0103\".<\/td><\/tr><tr class=\"cookielawinfo-row\"><td class=\"cookielawinfo-column-1\">CookieLawInfoConsent<\/td><td class=\"cookielawinfo-column-3\">1 year<\/td><td class=\"cookielawinfo-column-4\">CookieYes seteaz\u0103 acest cookie pentru a \u00eenregistra starea butonului implicit al categoriei corespunz\u0103toare \u0219i starea CCPA. Func\u021bioneaz\u0103 numai \u00een coordonare cu cookie-ul principal.<\/td><\/tr><tr class=\"cookielawinfo-row\"><td class=\"cookielawinfo-column-1\">viewed_cookie_policy<\/td><td class=\"cookielawinfo-column-3\">11 months<\/td><td class=\"cookielawinfo-column-4\">Cookie-ul este setat de plugin-ul GDPR Cookie Consent \u0219i este folosit pentru a stoca informa\u021bia referitoare la consim\u021b\u0103m\u00e2ntul utilizatorului \u00een ceea ce prive\u0219te utilizarea cookie-urilor. Nu stocheaz\u0103 nicio dat\u0103 personal\u0103.<\/td><\/tr><\/tbody><\/table><\/p><\/div><\/div><div class=\"cli_cookie_category_single\"><h5 class=\"cli_cookie_category_single_hd\">Func\u021bionale<\/h5><div class=\"cli_cookie_category_single_description\"><p>Cookie-urile func\u021bionale ajut\u0103 la \u00eendeplinirea anumitor func\u021bionalit\u0103\u021bi, cum ar fi partajarea con\u021binutului site-ului web pe platformele de social media, colectarea de feedback-uri \u0219i alte caracteristici ale ter\u021bilor.\r\n<table class=\"wt-cli-element cookielawinfo-row-cat-table cookielawinfo-winter\"><thead><tr><th scope=\"col\" class=\"cookielawinfo-column-1\">Cookie<\/th><th scope=\"col\" class=\"cookielawinfo-column-3\">Duration<\/th><th scope=\"col\" class=\"cookielawinfo-column-4\">Description<\/th><\/tr><\/thead><tbody><tr class=\"cookielawinfo-row\"><td class=\"cookielawinfo-column-1\">wp-wpml_current_language<\/td><td class=\"cookielawinfo-column-3\">session<\/td><td class=\"cookielawinfo-column-4\">Pluginul multilingv WordPress seteaz\u0103 acest cookie pentru a stoca set\u0103rile curente de limb\u0103.<\/td><\/tr><\/tbody><\/table><\/p><\/div><\/div><div class=\"cli_cookie_category_single\"><h5 class=\"cli_cookie_category_single_hd\">Performan\u021b\u0103<\/h5><div class=\"cli_cookie_category_single_description\"><p>Cookie-urile de performan\u021b\u0103 sunt utilizate pentru a \u00een\u021belege \u0219i analiza principalele indicatoare de performan\u021b\u0103 ale site-ului web, ceea ce ajut\u0103 la oferirea unei experien\u021be mai bune pentru utilizatori.\r\n<\/p><\/div><\/div><div class=\"cli_cookie_category_single\"><h5 class=\"cli_cookie_category_single_hd\">Analitice<\/h5><div class=\"cli_cookie_category_single_description\"><p>Cookie-urile analitice sunt utilizate pentru a \u00een\u021belege cum interac\u021bioneaz\u0103 vizitatorii cu site-ul web. Aceste cookie-uri ajut\u0103 la furnizarea informa\u021biilor despre statistici precum num\u0103rul de vizitatori, rata de respingere, sursa de trafic etc.\r\n<\/p><\/div><\/div><div class=\"cli_cookie_category_single\"><h5 class=\"cli_cookie_category_single_hd\">Publicitate<\/h5><div class=\"cli_cookie_category_single_description\"><p>Cookie-urile de publicitate sunt utilizate pentru a oferi vizitatorilor anun\u021buri relevante \u0219i campanii de marketing. Aceste cookie-uri urm\u0103resc vizitatorii pe diferite site-uri web \u0219i colecteaz\u0103 informa\u021bii pentru a oferi anun\u021buri personalizate.\r\n<\/p><\/div><\/div><div class=\"cli_cookie_category_single\"><h5 class=\"cli_cookie_category_single_hd\">Alte<\/h5><div class=\"cli_cookie_category_single_description\"><p>Alte cookie-uri neclasificate sunt acelea care sunt analizate \u0219i nu au fost \u00eenc\u0103 clasificate \u00eentr-o categorie.\r\n<\/p><\/div><\/div><\/div>\n<\/div>\n<p style=\"text-align: left;\">Lista de mai jos detaliaz\u0103 cookie-urile utilizate pe site-ul nostru web.<\/p>\n<p style=\"text-align: left;\"><table class=\"wt-cli-element cookielawinfo-classic cookielawinfo-row-cat-table\"><thead><tr><th scope=\"col\" class=\"cookielawinfo-column-1\">Cookie<\/th><th scope=\"col\" class=\"cookielawinfo-column-4\">Description<\/th><\/thead><tbody><tr class=\"cookielawinfo-row-cat-title\"><th colspan=\"2\" class=\"cookielawinfo-row-cat-title-head\">Necesare<\/th><\/tr><tr class=\"cookielawinfo-row\"><td class=\"cookielawinfo-column-1\">CookieLawInfoConsent<\/td><td class=\"cookielawinfo-column-4\">CookieYes seteaz\u0103 acest cookie pentru a \u00eenregistra starea butonului implicit al categoriei corespunz\u0103toare \u0219i starea CCPA. Func\u021bioneaz\u0103 numai \u00een coordonare cu cookie-ul principal.<\/td><\/tr><tr class=\"cookielawinfo-row\"><td class=\"cookielawinfo-column-1\">cookielawinfo-checkbox-advertisement<\/td><td class=\"cookielawinfo-column-4\">Setat de plugin-ul GDPR Cookie Consent, acest cookie \u00eenregistreaz\u0103 consim\u021b\u0103m\u00e2ntul utilizatorului pentru cookie-urile din categoria \"Publicitate\".<\/td><\/tr><tr class=\"cookielawinfo-row\"><td class=\"cookielawinfo-column-1\">viewed_cookie_policy<\/td><td class=\"cookielawinfo-column-4\">Cookie-ul este setat de plugin-ul GDPR Cookie Consent \u0219i este folosit pentru a stoca informa\u021bia referitoare la consim\u021b\u0103m\u00e2ntul utilizatorului \u00een ceea ce prive\u0219te utilizarea cookie-urilor. Nu stocheaz\u0103 nicio dat\u0103 personal\u0103.<\/td><\/tr><tr class=\"cookielawinfo-row\"><td class=\"cookielawinfo-column-1\">cookielawinfo-checkbox-necessary<\/td><td class=\"cookielawinfo-column-4\">Acest cookie este setat de plugin-ul GDPR Cookie Consent. Cookie-ul este folosit pentru a stoca consim\u021b\u0103m\u00e2ntul utilizatorului pentru cookie-urile din categoria \"Necesare\".<\/td><\/tr><tr class=\"cookielawinfo-row\"><td class=\"cookielawinfo-column-1\">cookielawinfo-checkbox-functional<\/td><td class=\"cookielawinfo-column-4\">Cookie-ul este setat de consim\u021b\u0103m\u00e2ntul pentru cookie-urile GDPR pentru a \u00eenregistra consim\u021b\u0103m\u00e2ntul utilizatorului pentru cookie-urile din categoria \"Func\u021bional\".<\/td><\/tr><tr class=\"cookielawinfo-row\"><td class=\"cookielawinfo-column-1\">cookielawinfo-checkbox-performance<\/td><td class=\"cookielawinfo-column-4\">Acest cookie este setat de plugin-ul GDPR Cookie Consent. Cookie-ul este folosit pentru a stoca consim\u021b\u0103m\u00e2ntul utilizatorului pentru cookie-urile din categoria \"Performan\u021b\u0103\".<\/td><\/tr><tr class=\"cookielawinfo-row\"><td class=\"cookielawinfo-column-1\">cookielawinfo-checkbox-analytics<\/td><td class=\"cookielawinfo-column-4\">Acest cookie este setat de plugin-ul GDPR Cookie Consent. Cookie-ul este folosit pentru a stoca consim\u021b\u0103m\u00e2ntul utilizatorului pentru cookie-urile din categoria \"Analitic\u0103\".<\/td><\/tr><tr class=\"cookielawinfo-row\"><td class=\"cookielawinfo-column-1\">cookielawinfo-checkbox-others<\/td><td class=\"cookielawinfo-column-4\">Acest cookie este setat de plugin-ul GDPR Cookie Consent. Cookie-ul este folosit pentru a stoca consim\u021b\u0103m\u00e2ntul utilizatorului pentru cookie-urile din categoria \"Altele\".<\/td><\/tr><tr class=\"cookielawinfo-row-cat-title\"><th colspan=\"2\" class=\"cookielawinfo-row-cat-title-head\">Func\u021bionale<\/th><\/tr><tr class=\"cookielawinfo-row\"><td class=\"cookielawinfo-column-1\">wp-wpml_current_language<\/td><td class=\"cookielawinfo-column-4\">Pluginul multilingv WordPress seteaz\u0103 acest cookie pentru a stoca set\u0103rile curente de limb\u0103.<\/td><\/tr><\/tbody><\/table>\n<p style=\"text-align: left;\">\u00a0<\/p>\n<div class=\"cli_pg_page_contaner\" style=\"text-align: left;\">\n<h3>Ce tip de informa\u021bii sunt stocate \u0219i accesate prin intermediul cookie-urilor?<\/h3>\n<p>Cookie-urile p\u0103streaz\u0103 informa\u021bii \u00eentr-un fi\u0219ier text de mici dimensiuni care permit recunoa\u0219terea browserului. Aceast\u0103 pagin\u0103 de internet recunoa\u0219te browserul p\u00e2n\u0103 c\u00e2nd cookie-urile expir\u0103 sau sunt \u0219terse.<\/p>\n<p>\u00a0<\/p>\n<h3>Particularizarea set\u0103rilor browserului \u00een ceea ce prive\u0219te cookie-urile<\/h3>\n<p>\u00cen cazul \u00een care utilizarea cookie-urilor nu este deranjant\u0103 iar calculatorul sau echipamentul tehnic utilizat pentru navigarea pe aceast\u0103 pagin\u0103 de internet este folosit doar de c\u0103tre dumneavoastr\u0103, pot fi setate termene lungi de expirare pentru stocrarea istoricului de navigare. \u00cen cazul \u00een care calculatorul sau echipamentul tehnic utilizat pentru navigarea pe aceast\u0103 pagin\u0103 de internet este folosit de mai multe persoane, poate fi luat\u0103 \u00een considerare setarea pentru \u0219tergerea datelor individuale de navigare de fiecare dat\u0103 c\u00e2nd browserul este \u00eenchis.<\/p>\n<p>\u00a0<\/p>\n<h3>Cum pot fi oprite cookie-urile?<\/h3>\n<p>Dezactivarea \u0219i refuzul de a primi cookie-uri pot face aceast\u0103 pagin\u0103 de internet dificil de vizitat, atr\u0103g\u00e2nd dup\u0103 sine limit\u0103ri ale posibilit\u0103\u021bilor de utilizare ale acesteia.<\/p>\n<p>Utilizatorii \u00ee\u0219i pot configura browserul s\u0103 resping\u0103 fi\u0219ierele cookie sau s\u0103 fie acceptate cookie-uri de la o pagin\u0103 de internet anume. Toate browserele moderne ofer\u0103 posibilitatea de a schimba set\u0103rile cookie-urilor. Aceste set\u0103ri pot fi accesate, ca regul\u0103, \u00een sec\u021biunea \u201cop\u021biuni\u201d sau \u00een meniul de \u201cpreferin\u021be\u201d al browserului t\u0103u.<\/p>\n<p>Totu\u0219i, refuzarea sau dezactivarea cookie-urilor nu \u00eenseamn\u0103 c\u0103 nu ve\u021bi mai primi publicitate online \u2013 ci doar ca aceasta nu va fi adaptat\u0103 preferin\u021belor \u0219i interesele dumneavoastr\u0103, eviden\u021biate prin comportamentul de navigare.<\/p>\n<p><strong>Pentru a \u00een\u021belege aceste set\u0103ri, urm\u0103toarele linkuri pot fi folositoare:<br \/><\/strong>(Toate linkurile sunt linkuri externe, cu con\u021binut \u00een limba englez\u0103, iar con\u021binutul ar putea fi modificat \u00een orice moment de c\u0103tre proprietarii respectivi. \u00cen acela\u0219i timp, con\u021binutul listat ar putea fi \u00eenvechit \/ neactualizat \/ incompatibil cu versiunea browserului pe care o utiliza\u021bi).<\/p>\n<p>Set\u0103rile cookie-urilor \u00een Internet Explorer: <a href=\"https:\/\/support.microsoft.com\/en-us\/help\/17442\/windows-internet-explorer-delete-manage-cookies\">https:\/\/support.microsoft.com\/en-us\/help\/17442\/windows-internet-explorer-delete-manage-cookies<\/a><\/p>\n<p>Set\u0103rile cookie-urilor \u00een Firefox: <a href=\"https:\/\/support.mozilla.org\/en-US\/kb\/enable-and-disable-cookies-website-preferences\">https:\/\/support.mozilla.org\/en-US\/kb\/enable-and-disable-cookies-website-preferences<\/a><\/p>\n<p>Set\u0103rile cookie-urilor \u00een Chrome: <a href=\"https:\/\/support.google.com\/chrome\/answer\/95647\">https:\/\/support.google.com\/chrome\/answer\/95647<\/a><\/p>\n<p>Set\u0103rile cookie-urilor \u00een Safari: <a href=\"https:\/\/help.apple.com\/safari\/mac\/8.0\/en.lproj\/sfri11471.html\">https:\/\/help.apple.com\/safari\/mac\/8.0\/en.lproj\/sfri11471.html<\/a><\/p>\n<p>Set\u0103rile cookie-urilor \u00een Edge: <a href=\"https:\/\/privacy.microsoft.com\/en-us\/windows-10-microsoft-edge-and-privacy\">https:\/\/privacy.microsoft.com\/en-us\/windows-10-microsoft-edge-and-privacy<\/a><\/p>\n<p>\u00a0<\/p>\n<\/div>\n<h3 style=\"text-align: left;\">Cum pot controla preferin\u021bele cookie-urilor?<\/h3>\n<div style=\"text-align: left;\">\n<p><strong>Pute\u021bi gestiona preferin\u021bele cookie-urilor c\u00e2nd ajunge\u021bi pe site-ul web, f\u0103c\u00e2nd clic pe butonul &#8222;Set\u0103ri cookie-uri&#8221; \u0219i activ\u00e2nd sau dezactiv\u00e2nd categoriile de cookie-uri din meniul pop-up, \u00een func\u021bie de preferin\u021bele dvs.<\/strong><\/p>\n<p><strong>Dac\u0103 decide\u021bi s\u0103 v\u0103 schimba\u021bi preferin\u021bele mai t\u00e2rziu \u00een timpul sesiunii de navigare, pute\u021bi face clic pe fila &#8222;Gestiona\u021bi consim\u021b\u0103m\u00e2ntul&#8221; de pe ecranul dvs. (\u00een partea de jos). Acest lucru va afi\u0219a din nou notificarea de consim\u021b\u0103m\u00e2nt, permi\u021b\u00e2ndu-v\u0103 s\u0103 v\u0103 schimba\u021bi preferin\u021bele sau s\u0103 v\u0103 retrage\u021bi consim\u021b\u0103m\u00e2ntul \u00een \u00eentregime.<\/strong><\/p>\n<p>\u00cen plus fa\u021b\u0103 de acest lucru, diferitele browsere ofer\u0103 metode variate pentru a bloca \u0219i \u0219terge cookie-urile utilizate de site-uri web. Pute\u021bi schimba set\u0103rile browserului folosit de dvs. pentru a bloca\/\u0219terge cookie-urile. Pentru a afla mai multe despre cum s\u0103 gestiona\u021bi \u0219i s\u0103 \u0219terge\u021bi cookie-urile, vizita\u021bi wikipedia.org, <a href=\"http:\/\/www.allaboutcookies.org\/\" target=\"_new\" rel=\"noopener\">www.allaboutcookies.org<\/a> sau alte surse de informa\u021bii, cum ar fi zonele\/paginile de &#8222;Ajutor&#8221; (&#8222;Help&#8221;) ale browserelor.<\/p>\n<\/div>\n<p style=\"text-align: left;\"><strong>Pute\u021bi \u00een orice moment schimba sau retrage consim\u021b\u0103m\u00e2ntul dvs. din Declara\u021bia de Cookie-uri de pe site-ul nostru web. <br \/><\/strong><strong>V\u0103 rug\u0103m s\u0103 ne contacta\u021bi dac\u0103 ave\u021bi \u00eentreb\u0103ri sau ave\u021bi nevoie de informa\u021bii suplimentare.<\/strong><br \/><span style=\"color: #2f7090;\"><strong>Consim\u021b\u0103m\u00e2ntul dvs. se aplic\u0103 urm\u0103toarelor domenii: geticaooh.ro<\/strong><\/span><br \/><span style=\"color: #2f7090;\"><strong><div class=\"wt-cli-element cli_user_consent_state\"><\/div><\/strong><\/span><\/p>\n<p style=\"text-align: left;\">\u00a0<\/p>\n<div class=\"cli_pg_page_contaner\" style=\"text-align: left;\">\n<hr \/>\n<p style=\"text-align: left;\">Pentru orice \u00eentreb\u0103ri suplimentare privind utilizarea cookie-urilor pe acest site web, v\u0103 rug\u0103m s\u0103 contacta\u021bi: <a href=\"mailto:gdpr@geticaooh.ro\" target=\"_new\" rel=\"noopener\">gdpr@geticaooh.ro<\/a>.<\/p>\n<\/div>\n<div class=\"is-divider divider clearfix\" style=\"max-width:100%;height:1px;background-color:rgb(66, 135, 191);\"><\/div>\n\t\t<\/div>\n\t\t\t\t\t<\/div>\n\n\t\n\n<\/div>\n","protected":false},"excerpt":{"rendered":"","protected":false},"author":1,"featured_media":0,"parent":0,"menu_order":0,"comment_status":"closed","ping_status":"closed","template":"","meta":{"footnotes":""},"class_list":["post-1075","page","type-page","status-publish","hentry"],"_links":{"self":[{"href":"https:\/\/geticaooh.ro\/ro\/wp-json\/wp\/v2\/pages\/1075","targetHints":{"allow":["GET"]}}],"collection":[{"href":"https:\/\/geticaooh.ro\/ro\/wp-json\/wp\/v2\/pages"}],"about":[{"href":"https:\/\/geticaooh.ro\/ro\/wp-json\/wp\/v2\/types\/page"}],"author":[{"embeddable":true,"href":"https:\/\/geticaooh.ro\/ro\/wp-json\/wp\/v2\/users\/1"}],"replies":[{"embeddable":true,"href":"https:\/\/geticaooh.ro\/ro\/wp-json\/wp\/v2\/comments?post=1075"}],"version-history":[{"count":0,"href":"https:\/\/geticaooh.ro\/ro\/wp-json\/wp\/v2\/pages\/1075\/revisions"}],"wp:attachment":[{"href":"https:\/\/geticaooh.ro\/ro\/wp-json\/wp\/v2\/media?parent=1075"}],"curies":[{"name":"wp","href":"https:\/\/api.w.org\/{rel}","templated":true}]}}