{"id":988,"date":"2024-01-18T10:39:40","date_gmt":"2024-01-18T08:39:40","guid":{"rendered":"https:\/\/geticaooh.ro\/?page_id=988"},"modified":"2024-12-05T17:28:08","modified_gmt":"2024-12-05T15:28:08","slug":"contact","status":"publish","type":"page","link":"https:\/\/geticaooh.ro\/ro\/contact\/","title":{"rendered":"Contact"},"content":{"rendered":"\t<section class=\"section\" id=\"section_85964419\">\n\t\t<div class=\"bg section-bg fill bg-fill  \" >\n\n\t\t\t\n\t\t\t\n\t\t\t\n\n\t\t<\/div>\n\n\t\t\n\n\t\t<div class=\"section-content relative\">\n\t\t\t\n\t\t<\/div>\n\n\t\t\n<style>\n#section_85964419 {\n  padding-top: 230px;\n  padding-bottom: 230px;\n}\n#section_85964419 .section-bg.bg-loaded {\n  background-image: url(https:\/\/geticaooh.ro\/wp-content\/uploads\/2024\/01\/harta-3-copy.jpg);\n}\n#section_85964419 .section-bg {\n  background-position: 19% 50;\n}\n<\/style>\n\t<\/section>\n\t\n\t<section class=\"section has-parallax\" id=\"section_600430200\">\n\t\t<div class=\"bg section-bg fill bg-fill  \" data-parallax-container=\".section\" data-parallax-background data-parallax=\"-8\">\n\n\t\t\t\n\t\t\t<div class=\"effect-sliding-glass bg-effect fill no-click\"><\/div>\n\t\t\t\n\n\t\t<\/div>\n\n\t\t\n\n\t\t<div class=\"section-content relative\">\n\t\t\t\n<div class=\"row\"  id=\"row-979404000\">\n\n\t<div id=\"col-1868492298\" class=\"col small-12 large-12\"  >\n\t\t\t\t<div class=\"col-inner text-center\"  >\n\t\t\t\n\t\t\t\n\t<div id=\"gap-1358710848\" class=\"gap-element clearfix\" style=\"display:block; height:auto;\">\n\t\t\n<style>\n#gap-1358710848 {\n  padding-top: 30px;\n}\n<\/style>\n\t<\/div>\n\t\n<h2 class=\"p1\">Sediul central \u2022 Bucure\u0219ti<\/h2>\n<div class=\"is-divider divider clearfix\" style=\"max-width:150px;height:10px;background-color:rgb(70, 146, 198);\"><\/div>\n<h3>GETICA OOH SRL<\/h3>\n<p><strong>Adres\u0103: Silvestru 75, Sector 2, Bucure\u0219ti, 020734, Rom\u00e2nia<\/strong><br \/>\nTelefon: <a href=\"tel:+40212121319\">+40 21 212 1319<\/a> \u2022 Fax: +40 21 212 1348<br \/>\n<a href=\"mailto:office@geticaooh.ro\">office@geticaooh.ro<\/a> \u2022 <a href=\"https:\/\/geticaooh.ro\/\">geticaooh.ro<\/a><\/p>\n<p>CEO: Jean R\u0103dulescu<br \/>\nE-mail: <a href=\"mailto:jean.radulescu@geticaooh.ro\">jean.radulescu@geticaooh.ro<\/a><\/p>\n<p>Director de v\u00e2nz\u0103ri: Liviu Voicu<br \/>\nE-mail: <a href=\"mailto:liviu.voicu@geticaooh.ro\">liviu.voicu@geticaooh.ro<\/a><\/p>\n\t<div id=\"gap-2120970506\" class=\"gap-element clearfix\" style=\"display:block; height:auto;\">\n\t\t\n<style>\n#gap-2120970506 {\n  padding-top: 20px;\n}\n<\/style>\n\t<\/div>\n\t\n<div class=\"is-divider divider clearfix\" style=\"max-width:100%;height:1px;background-color:rgb(70, 146, 198);\"><\/div>\n\t<div id=\"gap-1689991195\" class=\"gap-element clearfix\" style=\"display:block; height:auto;\">\n\t\t\n<style>\n#gap-1689991195 {\n  padding-top: 30px;\n}\n<\/style>\n\t<\/div>\n\t\n<h2 class=\"p1\">Birouri regionale \u2022 Cluj-Napoca, Constan\u021ba, Ia\u0219i, Sibiu, Timi\u0219oara<\/h2>\n\t<div id=\"gap-142633076\" class=\"gap-element clearfix\" style=\"display:block; height:auto;\">\n\t\t\n<style>\n#gap-142633076 {\n  padding-top: 10px;\n}\n<\/style>\n\t<\/div>\n\t\n\n\t\t<div class=\"tabbed-content\">\n\t\t\t<h4 class=\"uppercase text-center\">Contacte regionale<\/h4>\n\t\t\t<ul class=\"nav nav-tabs nav-uppercase nav-size-normal nav-center\" role=\"tablist\"><li id=\"tab-arad\" class=\"tab active has-icon\" role=\"presentation\"><a href=\"#tab_arad\" role=\"tab\" aria-selected=\"true\" aria-controls=\"tab_arad\"><span>Arad<\/span><\/a><\/li>\n<li id=\"tab-bac\u0103u\" class=\"tab has-icon\" role=\"presentation\"><a href=\"#tab_bac\u0103u\" tabindex=\"-1\" role=\"tab\" aria-selected=\"false\" aria-controls=\"tab_bac\u0103u\"><span>Bac\u0103u<\/span><\/a><\/li>\n<li id=\"tab-baia-mare\" class=\"tab has-icon\" role=\"presentation\"><a href=\"#tab_baia-mare\" tabindex=\"-1\" role=\"tab\" aria-selected=\"false\" aria-controls=\"tab_baia-mare\"><span>Baia Mare<\/span><\/a><\/li>\n<li id=\"tab-boto\u0219ani\" class=\"tab has-icon\" role=\"presentation\"><a href=\"#tab_boto\u0219ani\" tabindex=\"-1\" role=\"tab\" aria-selected=\"false\" aria-controls=\"tab_boto\u0219ani\"><span>Boto\u0219ani<\/span><\/a><\/li>\n<li id=\"tab-br\u0103ila\" class=\"tab has-icon\" role=\"presentation\"><a href=\"#tab_br\u0103ila\" tabindex=\"-1\" role=\"tab\" aria-selected=\"false\" aria-controls=\"tab_br\u0103ila\"><span>Br\u0103ila<\/span><\/a><\/li>\n<li id=\"tab-bra\u0219ov\" class=\"tab has-icon\" role=\"presentation\"><a href=\"#tab_bra\u0219ov\" tabindex=\"-1\" role=\"tab\" aria-selected=\"false\" aria-controls=\"tab_bra\u0219ov\"><span>Bra\u0219ov<\/span><\/a><\/li>\n<li id=\"tab-cluj-napoca\" class=\"tab has-icon\" role=\"presentation\"><a href=\"#tab_cluj-napoca\" tabindex=\"-1\" role=\"tab\" aria-selected=\"false\" aria-controls=\"tab_cluj-napoca\"><span>Cluj-Napoca<\/span><\/a><\/li>\n<li id=\"tab-constan\u021ba\" class=\"tab has-icon\" role=\"presentation\"><a href=\"#tab_constan\u021ba\" tabindex=\"-1\" role=\"tab\" aria-selected=\"false\" aria-controls=\"tab_constan\u021ba\"><span>Constan\u021ba<\/span><\/a><\/li>\n<li id=\"tab-gala\u021bi\" class=\"tab has-icon\" role=\"presentation\"><a href=\"#tab_gala\u021bi\" tabindex=\"-1\" role=\"tab\" aria-selected=\"false\" aria-controls=\"tab_gala\u021bi\"><span>Gala\u021bi<\/span><\/a><\/li>\n<li id=\"tab-ia\u0219i\" class=\"tab has-icon\" role=\"presentation\"><a href=\"#tab_ia\u0219i\" tabindex=\"-1\" role=\"tab\" aria-selected=\"false\" aria-controls=\"tab_ia\u0219i\"><span>Ia\u0219i<\/span><\/a><\/li>\n<li id=\"tab-oradea\" class=\"tab has-icon\" role=\"presentation\"><a href=\"#tab_oradea\" tabindex=\"-1\" role=\"tab\" aria-selected=\"false\" aria-controls=\"tab_oradea\"><span>Oradea<\/span><\/a><\/li>\n<li id=\"tab-piatra-neam\u021b\" class=\"tab has-icon\" role=\"presentation\"><a href=\"#tab_piatra-neam\u021b\" tabindex=\"-1\" role=\"tab\" aria-selected=\"false\" aria-controls=\"tab_piatra-neam\u021b\"><span>Piatra Neam\u021b<\/span><\/a><\/li>\n<li id=\"tab-satu-mare\" class=\"tab has-icon\" role=\"presentation\"><a href=\"#tab_satu-mare\" tabindex=\"-1\" role=\"tab\" aria-selected=\"false\" aria-controls=\"tab_satu-mare\"><span>Satu Mare<\/span><\/a><\/li>\n<li id=\"tab-sibiu\" class=\"tab has-icon\" role=\"presentation\"><a href=\"#tab_sibiu\" tabindex=\"-1\" role=\"tab\" aria-selected=\"false\" aria-controls=\"tab_sibiu\"><span>Sibiu<\/span><\/a><\/li>\n<li id=\"tab-suceava\" class=\"tab has-icon\" role=\"presentation\"><a href=\"#tab_suceava\" tabindex=\"-1\" role=\"tab\" aria-selected=\"false\" aria-controls=\"tab_suceava\"><span>Suceava<\/span><\/a><\/li>\n<li id=\"tab-timi\u0219oara\" class=\"tab has-icon\" role=\"presentation\"><a href=\"#tab_timi\u0219oara\" tabindex=\"-1\" role=\"tab\" aria-selected=\"false\" aria-controls=\"tab_timi\u0219oara\"><span>Timi\u0219oara<\/span><\/a><\/li>\n<li id=\"tab-tulcea\" class=\"tab has-icon\" role=\"presentation\"><a href=\"#tab_tulcea\" tabindex=\"-1\" role=\"tab\" aria-selected=\"false\" aria-controls=\"tab_tulcea\"><span>Tulcea<\/span><\/a><\/li><\/ul><div class=\"tab-panels\"><div id=\"tab_arad\" class=\"panel active entry-content\" role=\"tabpanel\" aria-labelledby=\"tab-arad\">\n<h3>Arad<\/h3>\n<p><strong>Raluca Popescu<\/strong><br \/>\n<a href=\"mailto:raluca.popescu@geticaooh.ro\">raluca.popescu@geticaooh.ro<\/a><br \/>\n<a href=\"tel:+40744323561\">+40744323561<\/a><\/p>\n<p>&nbsp;<\/p>\n<\/div>\n<div id=\"tab_bac\u0103u\" class=\"panel entry-content\" role=\"tabpanel\" aria-labelledby=\"tab-bac\u0103u\">\n<h3>Bac\u0103u<\/h3>\n<p><strong>Raluca Popescu<\/strong><br \/>\n<a href=\"mailto:raluca.popescu@geticaooh.ro\">raluca.popescu@geticaooh.ro<\/a><br \/>\n<a href=\"tel:+40744323561\">+40744323561<\/a><\/p>\n<p>&nbsp;<\/p>\n<h3><\/h3>\n<\/div>\n<div id=\"tab_baia-mare\" class=\"panel entry-content\" role=\"tabpanel\" aria-labelledby=\"tab-baia-mare\">\n<h3>Baia Mare<\/h3>\n<p><strong>Raluca Popescu<\/strong><br \/>\n<a href=\"mailto:raluca.popescu@geticaooh.ro\">raluca.popescu@geticaooh.ro<\/a><br \/>\n<a href=\"tel:+40744323561\">+40744323561<\/a><\/p>\n<\/div>\n<div id=\"tab_boto\u0219ani\" class=\"panel entry-content\" role=\"tabpanel\" aria-labelledby=\"tab-boto\u0219ani\">\n<h3>Boto\u0219ani<\/h3>\n<p><strong>Raluca Popescu<\/strong><br \/>\n<a href=\"mailto:raluca.popescu@geticaooh.ro\">raluca.popescu@geticaooh.ro<\/a><br \/>\n<a href=\"tel:+40744323561\">+40744323561<\/a><\/p>\n<p>&nbsp;<\/p>\n<\/div>\n<div id=\"tab_br\u0103ila\" class=\"panel entry-content\" role=\"tabpanel\" aria-labelledby=\"tab-br\u0103ila\">\n<h3>Br\u0103ila<\/h3>\n<p><strong>Raluca Popescu<\/strong><br \/>\n<a href=\"mailto:raluca.popescu@geticaooh.ro\">raluca.popescu@geticaooh.ro<\/a><br \/>\n<a href=\"tel:+40744323561\">+40744323561<\/a><\/p>\n<\/div>\n<div id=\"tab_bra\u0219ov\" class=\"panel entry-content\" role=\"tabpanel\" aria-labelledby=\"tab-bra\u0219ov\">\n<h3>Bra\u0219ov<\/h3>\n<p><strong>Raluca Popescu<\/strong><br \/>\n<a href=\"mailto:raluca.popescu@geticaooh.ro\">raluca.popescu@geticaooh.ro<\/a><br \/>\n<a href=\"tel:+40744323561\">+40744323561<\/a><\/p>\n<\/div>\n<div id=\"tab_cluj-napoca\" class=\"panel entry-content\" role=\"tabpanel\" aria-labelledby=\"tab-cluj-napoca\">\n<h3>Cluj-Napoca<\/h3>\n<p><strong>Raluca Popescu<\/strong><br \/>\n<a href=\"mailto:raluca.popescu@geticaooh.ro\">raluca.popescu@geticaooh.ro<\/a><br \/>\n<a href=\"tel:+40744323561\">+40744323561<\/a><\/p>\n<\/div>\n<div id=\"tab_constan\u021ba\" class=\"panel entry-content\" role=\"tabpanel\" aria-labelledby=\"tab-constan\u021ba\">\n<h3>Constan\u021ba<\/h3>\n<p><strong>Raluca Popescu<\/strong><br \/>\n<a href=\"mailto:raluca.popescu@geticaooh.ro\">raluca.popescu@geticaooh.ro<\/a><br \/>\n<a href=\"tel:+40744323561\">+40744323561<\/a><\/p>\n<\/div>\n<div id=\"tab_gala\u021bi\" class=\"panel entry-content\" role=\"tabpanel\" aria-labelledby=\"tab-gala\u021bi\">\n<h3>Gala\u021bi<\/h3>\n<p><strong>Raluca Popescu<\/strong><br \/>\n<a href=\"mailto:raluca.popescu@geticaooh.ro\">raluca.popescu@geticaooh.ro<\/a><br \/>\n<a href=\"tel:+40744323561\">+40744323561<\/a><\/p>\n<\/div>\n<div id=\"tab_ia\u0219i\" class=\"panel entry-content\" role=\"tabpanel\" aria-labelledby=\"tab-ia\u0219i\">\n<h3>Ia\u0219i<\/h3>\n<p><strong>Raluca Popescu<\/strong><br \/>\n<a href=\"mailto:raluca.popescu@geticaooh.ro\">raluca.popescu@geticaooh.ro<\/a><br \/>\n<a href=\"tel:+40744323561\">+40744323561<\/a><\/p>\n<p>&nbsp;<\/p>\n<\/div>\n<div id=\"tab_oradea\" class=\"panel entry-content\" role=\"tabpanel\" aria-labelledby=\"tab-oradea\">\n<h3>Oradea<\/h3>\n<p><strong>Raluca Popescu<\/strong><br \/>\n<a href=\"mailto:raluca.popescu@geticaooh.ro\">raluca.popescu@geticaooh.ro<\/a><br \/>\n<a href=\"tel:+40744323561\">+40744323561<\/a><\/p>\n<\/div>\n<div id=\"tab_piatra-neam\u021b\" class=\"panel entry-content\" role=\"tabpanel\" aria-labelledby=\"tab-piatra-neam\u021b\">\n<h3>Piatra Neam\u021b<\/h3>\n<p><strong>Raluca Popescu<\/strong><br \/>\n<a href=\"mailto:raluca.popescu@geticaooh.ro\">raluca.popescu@geticaooh.ro<\/a><br \/>\n<a href=\"tel:+40744323561\">+40744323561<\/a><\/p>\n<p>&nbsp;<\/p>\n<\/div>\n<div id=\"tab_satu-mare\" class=\"panel entry-content\" role=\"tabpanel\" aria-labelledby=\"tab-satu-mare\">\n<h3>Satu Mare<\/h3>\n<p><strong>Raluca Popescu<\/strong><br \/>\n<a href=\"mailto:raluca.popescu@geticaooh.ro\">raluca.popescu@geticaooh.ro<\/a><br \/>\n<a href=\"tel:+40744323561\">+40744323561<\/a><\/p>\n<\/div>\n<div id=\"tab_sibiu\" class=\"panel entry-content\" role=\"tabpanel\" aria-labelledby=\"tab-sibiu\">\n<h3>Sibiu<\/h3>\n<p><strong>Raluca Popescu<\/strong><br \/>\n<a href=\"mailto:raluca.popescu@geticaooh.ro\">raluca.popescu@geticaooh.ro<\/a><br \/>\n<a href=\"tel:+40744323561\">+40744323561<\/a><\/p>\n<\/div>\n<div id=\"tab_suceava\" class=\"panel entry-content\" role=\"tabpanel\" aria-labelledby=\"tab-suceava\">\n<h3>Suceava<\/h3>\n<p><strong>Raluca Popescu<\/strong><br \/>\n<a href=\"mailto:raluca.popescu@geticaooh.ro\">raluca.popescu@geticaooh.ro<\/a><br \/>\n<a href=\"tel:+40744323561\">+40744323561<\/a><\/p>\n<p>&nbsp;<\/p>\n<\/div>\n<div id=\"tab_timi\u0219oara\" class=\"panel entry-content\" role=\"tabpanel\" aria-labelledby=\"tab-timi\u0219oara\">\n<h3>Timi\u0219oara<\/h3>\n<p><strong>Raluca Popescu<\/strong><br \/>\n<a href=\"mailto:raluca.popescu@geticaooh.ro\">raluca.popescu@geticaooh.ro<\/a><br \/>\n<a href=\"tel:+40744323561\">+40744323561<\/a><\/p>\n<p>&nbsp;<\/p>\n<\/div>\n<div id=\"tab_tulcea\" class=\"panel entry-content\" role=\"tabpanel\" aria-labelledby=\"tab-tulcea\">\n<h3>Tulcea<\/h3>\n<p><strong>Raluca Popescu<\/strong><br \/>\n<a href=\"mailto:raluca.popescu@geticaooh.ro\">raluca.popescu@geticaooh.ro<\/a><br \/>\n<a href=\"tel:+40744323561\">+40744323561<\/a><\/p>\n<\/div><\/div><\/div>\n\t\t<\/div>\n\t\t\t\t\t<\/div>\n\n\t\n\n\t<div id=\"col-263321433\" class=\"col small-12 large-12\"  >\n\t\t\t\t<div class=\"col-inner text-center\"  >\n\t\t\t\n\t\t\t\n\t<div id=\"gap-1736002943\" class=\"gap-element clearfix\" style=\"display:block; height:auto;\">\n\t\t\n<style>\n#gap-1736002943 {\n  padding-top: 10px;\n}\n<\/style>\n\t<\/div>\n\t\n<div class=\"is-divider divider clearfix\" style=\"max-width:100%;height:1px;background-color:rgb(70, 146, 198);\"><\/div>\n\t<div id=\"gap-1916609121\" class=\"gap-element clearfix\" style=\"display:block; height:auto;\">\n\t\t\n<style>\n#gap-1916609121 {\n  padding-top: 30px;\n}\n<\/style>\n\t<\/div>\n\t\n<p><strong>Regulamentul general al UE privind protec\u021bia datelor<\/strong><\/p>\n<p>\u00cencep\u00e2nd cu 25 mai 2018, Getica OOH SRL a adoptat regulamentul UE 2016\/679. Cunoscut sub numele de Regulamentul general privind protec\u021bia datelor (GDPR), aceast\u0103 m\u0103sur\u0103 se aplic\u0103 \u00een toate statele membre ale UE.<\/p>\n<p>V\u0103 pute\u021bi exprima preferin\u021bele cu privire la utilizarea datelor cu caracter personal:<\/p>\n<p>Telefon: <a href=\"tel:+40212121319\">+40 21 212 1319<\/a> \u2022 Fax: +40 21 212 1348<br \/>\n<a href=\"mailto:gdpr@geticaooh.ro\">gdpr@geticaooh.ro<\/a>,\u00a0\u00een aten\u021bia Raluc\u0103i Popescu, Director Media \u2013 Getica OOH \u0219i Responsabil cu Protec\u021bia Datelor cu Caracter Personal<\/p>\n<p><span style=\"font-size: 80%;\"><b>V\u0103 rug\u0103m s\u0103 consulta\u021bi <a href=\"https:\/\/geticaooh.ro\/ro\/politica-de-confidentialitate\">Politica de confiden\u021bialitate<\/a> \u0219i pagina despre <a href=\"https:\/\/geticaooh.ro\/ro\/politica-de-cookieuri\">Cookie-uri<\/a> pentru informa\u021bii relevante.<br \/>\n<\/b><\/span><\/p>\n\t\t<\/div>\n\t\t\t\t\t<\/div>\n\n\t\n<\/div>\n\t\t<\/div>\n\n\t\t\n<style>\n#section_600430200 {\n  padding-top: 30px;\n  padding-bottom: 30px;\n}\n#section_600430200 .section-bg.bg-loaded {\n  background-image: url(https:\/\/geticaooh.ro\/wp-content\/uploads\/2024\/01\/colors-back-3c.png);\n}\n<\/style>\n\t<\/section>\n\t\n","protected":false},"excerpt":{"rendered":"","protected":false},"author":1,"featured_media":0,"parent":0,"menu_order":0,"comment_status":"closed","ping_status":"closed","template":"page-blank.php","meta":{"footnotes":""},"class_list":["post-988","page","type-page","status-publish","hentry"],"_links":{"self":[{"href":"https:\/\/geticaooh.ro\/ro\/wp-json\/wp\/v2\/pages\/988","targetHints":{"allow":["GET"]}}],"collection":[{"href":"https:\/\/geticaooh.ro\/ro\/wp-json\/wp\/v2\/pages"}],"about":[{"href":"https:\/\/geticaooh.ro\/ro\/wp-json\/wp\/v2\/types\/page"}],"author":[{"embeddable":true,"href":"https:\/\/geticaooh.ro\/ro\/wp-json\/wp\/v2\/users\/1"}],"replies":[{"embeddable":true,"href":"https:\/\/geticaooh.ro\/ro\/wp-json\/wp\/v2\/comments?post=988"}],"version-history":[{"count":0,"href":"https:\/\/geticaooh.ro\/ro\/wp-json\/wp\/v2\/pages\/988\/revisions"}],"wp:attachment":[{"href":"https:\/\/geticaooh.ro\/ro\/wp-json\/wp\/v2\/media?parent=988"}],"curies":[{"name":"wp","href":"https:\/\/api.w.org\/{rel}","templated":true}]}}