{"id":996,"date":"2024-01-18T22:43:21","date_gmt":"2024-01-18T20:43:21","guid":{"rendered":"https:\/\/geticaooh.ro\/?page_id=996"},"modified":"2024-04-21T22:15:45","modified_gmt":"2024-04-21T19:15:45","slug":"noutati-si-actualizari","status":"publish","type":"page","link":"https:\/\/geticaooh.ro\/ro\/noutati-si-actualizari\/","title":{"rendered":"Nout\u0103\u021bi \u0219i Actualiz\u0103ri"},"content":{"rendered":"\t<section class=\"section\" id=\"section_1645955521\">\n\t\t<div class=\"bg section-bg fill bg-fill  bg-loaded\" >\n\n\t\t\t\n\t\t\t\n\t\t\t\n\n\t\t<\/div>\n\n\t\t\n\n\t\t<div class=\"section-content relative\">\n\t\t\t\n<div class=\"row\"  id=\"row-455846516\">\n\n\t<div id=\"col-92254502\" class=\"col small-12 large-12\"  >\n\t\t\t\t<div class=\"col-inner\"  >\n\t\t\t\n\t\t\t\n\n  \n    <div id=\"row-1067345314\" class=\"row large-columns-2 medium-columns-1 small-columns-1 row-small row-masonry\" data-packery-options='{\"itemSelector\": \".col\", \"gutter\": 0, \"presentageWidth\" : true}'>\n\n  <div class=\"col post-item\" >\n\t\t\t<div class=\"col-inner\">\n\t\t\t\t<div class=\"box box-default box-text-bottom box-blog-post has-hover\">\n            \t\t\t\t\t<div class=\"box-image\" >\n  \t\t\t\t\t\t<div class=\"image-cover\" style=\"padding-top:56.25%;\">\n\t\t\t\t\t\t\t<a href=\"https:\/\/geticaooh.ro\/ro\/2024\/01\/25\/getica-a-ajutat-asociatia-sos-casele-copiilor-in-campania-de-strangere-de-fonduri\/\" class=\"plain\" aria-label=\"Getica a ajutat Asocia\u021bia SOS Casele Copiilor \u00een campania de str\u00e2ngere de fonduri\">\n\t\t\t\t\t\t\t\t<img loading=\"lazy\" decoding=\"async\" width=\"400\" height=\"237\" src=\"https:\/\/geticaooh.ro\/wp-content\/uploads\/2024\/01\/SOS-Satele-copiilor-copy-400x237.jpg\" class=\"attachment-medium size-medium wp-post-image\" alt=\"\" srcset=\"https:\/\/geticaooh.ro\/wp-content\/uploads\/2024\/01\/SOS-Satele-copiilor-copy-400x237.jpg 400w, https:\/\/geticaooh.ro\/wp-content\/uploads\/2024\/01\/SOS-Satele-copiilor-copy-768x455.jpg 768w, https:\/\/geticaooh.ro\/wp-content\/uploads\/2024\/01\/SOS-Satele-copiilor-copy.jpg 1100w\" sizes=\"auto, (max-width: 400px) 100vw, 400px\" \/>\t\t\t\t\t\t\t<\/a>\n  \t\t\t\t\t\t\t  \t\t\t\t\t\t\t  \t\t\t\t\t\t<\/div>\n  \t\t\t\t\t\t  \t\t\t\t\t<\/div>\n          \t\t\t\t\t<div class=\"box-text text-center\" style=\"background-color:rgb(236, 242, 245);\">\n\t\t\t\t\t<div class=\"box-text-inner blog-post-inner\">\n\n\t\t\t\t\t\n\t\t\t\t\t\t\t\t\t\t\t<p class=\"cat-label tag-label is-xxsmall op-7 uppercase\">\n\t\t\t\t\tUncategorized @ro \t\t\t\t\t<\/p>\n\t\t\t\t\t\t\t\t\t\t<h5 class=\"post-title is-large \">\n\t\t\t\t\t\t<a href=\"https:\/\/geticaooh.ro\/ro\/2024\/01\/25\/getica-a-ajutat-asociatia-sos-casele-copiilor-in-campania-de-strangere-de-fonduri\/\" class=\"plain\">Getica a ajutat Asocia\u021bia SOS Casele Copiilor \u00een campania de str\u00e2ngere de fonduri<\/a>\n\t\t\t\t\t<\/h5>\n\t\t\t\t\t<div class=\"post-meta is-small op-8\">25\/01\/2024<\/div>\t\t\t\t\t<div class=\"is-divider\"><\/div>\n\t\t\t\t\t\t\t\t\t\t<p class=\"from_the_blog_excerpt \">\n\t\t\t\t\t\t\u00cen ciuda beneficiilor pe care activit\u0103\u021bile unor astfel de organiza\u021bii le aduc copiilor nevoia\u0219i, str\u00e2ngerea de fonduri este dificil\u0103. Getica \u00eencearc\u0103 s\u0103 contribuie, ajut\u00e2nd la \u00eembun\u0103t\u0103\u021birea vizibilit\u0103\u021bii campaniei.\t\t\t\t\t<\/p>\n\t\t\t\t\t                    \n\t\t\t\t\t\t\t\t\t\t\t<a href=\"https:\/\/geticaooh.ro\/ro\/2024\/01\/25\/getica-a-ajutat-asociatia-sos-casele-copiilor-in-campania-de-strangere-de-fonduri\/\" class=\"button primary is-outline is-small mb-0\">\n\t\t\t\t\t\t\tRead More\t\t\t\t\t\t<\/a>\n\t\t\t\t\t\n\t\t\t\t\t\n\t\t\t\t\t<\/div>\n\t\t\t\t\t<\/div>\n\t\t\t\t\t\t\t\t\t<\/div>\n\t\t\t<\/div>\n\t\t<\/div><div class=\"col post-item\" >\n\t\t\t<div class=\"col-inner\">\n\t\t\t\t<div class=\"box box-default box-text-bottom box-blog-post has-hover\">\n            \t\t\t\t\t<div class=\"box-image\" >\n  \t\t\t\t\t\t<div class=\"image-cover\" style=\"padding-top:56.25%;\">\n\t\t\t\t\t\t\t<a href=\"https:\/\/geticaooh.ro\/ro\/2024\/01\/25\/getica-contribuie-la-campaniile-initiate-de-asociatia-hem-pentru-stimularea-donarii-de-sange\/\" class=\"plain\" aria-label=\"Getica contribuie la campaniile ini\u021biate de Asocia\u021bia HEM pentru stimularea don\u0103rii de s\u00e2nge\">\n\t\t\t\t\t\t\t\t<img loading=\"lazy\" decoding=\"async\" width=\"400\" height=\"258\" src=\"https:\/\/geticaooh.ro\/wp-content\/uploads\/2024\/01\/N-avem-sange-1-copy-400x258.jpg\" class=\"attachment-medium size-medium wp-post-image\" alt=\"\" srcset=\"https:\/\/geticaooh.ro\/wp-content\/uploads\/2024\/01\/N-avem-sange-1-copy-400x258.jpg 400w, https:\/\/geticaooh.ro\/wp-content\/uploads\/2024\/01\/N-avem-sange-1-copy-768x496.jpg 768w, https:\/\/geticaooh.ro\/wp-content\/uploads\/2024\/01\/N-avem-sange-1-copy.jpg 1100w\" sizes=\"auto, (max-width: 400px) 100vw, 400px\" \/>\t\t\t\t\t\t\t<\/a>\n  \t\t\t\t\t\t\t  \t\t\t\t\t\t\t  \t\t\t\t\t\t<\/div>\n  \t\t\t\t\t\t  \t\t\t\t\t<\/div>\n          \t\t\t\t\t<div class=\"box-text text-center\" style=\"background-color:rgb(236, 242, 245);\">\n\t\t\t\t\t<div class=\"box-text-inner blog-post-inner\">\n\n\t\t\t\t\t\n\t\t\t\t\t\t\t\t\t\t\t<p class=\"cat-label tag-label is-xxsmall op-7 uppercase\">\n\t\t\t\t\tUncategorized @ro \t\t\t\t\t<\/p>\n\t\t\t\t\t\t\t\t\t\t<h5 class=\"post-title is-large \">\n\t\t\t\t\t\t<a href=\"https:\/\/geticaooh.ro\/ro\/2024\/01\/25\/getica-contribuie-la-campaniile-initiate-de-asociatia-hem-pentru-stimularea-donarii-de-sange\/\" class=\"plain\">Getica contribuie la campaniile ini\u021biate de Asocia\u021bia HEM pentru stimularea don\u0103rii de s\u00e2nge<\/a>\n\t\t\t\t\t<\/h5>\n\t\t\t\t\t<div class=\"post-meta is-small op-8\">25\/01\/2024<\/div>\t\t\t\t\t<div class=\"is-divider\"><\/div>\n\t\t\t\t\t\t\t\t\t\t<p class=\"from_the_blog_excerpt \">\n\t\t\t\t\t\t\"Nu avem S\u00c2NGE\u201d este un proiect realizat de Asocia\u021bia HEM, pentru Institutul Na\u021bional de Hematologie Transfuzional\u0103.\t\t\t\t\t<\/p>\n\t\t\t\t\t                    \n\t\t\t\t\t\t\t\t\t\t\t<a href=\"https:\/\/geticaooh.ro\/ro\/2024\/01\/25\/getica-contribuie-la-campaniile-initiate-de-asociatia-hem-pentru-stimularea-donarii-de-sange\/\" class=\"button primary is-outline is-small mb-0\">\n\t\t\t\t\t\t\tRead More\t\t\t\t\t\t<\/a>\n\t\t\t\t\t\n\t\t\t\t\t\n\t\t\t\t\t<\/div>\n\t\t\t\t\t<\/div>\n\t\t\t\t\t\t\t\t\t<\/div>\n\t\t\t<\/div>\n\t\t<\/div><div class=\"col post-item\" >\n\t\t\t<div class=\"col-inner\">\n\t\t\t\t<div class=\"box box-default box-text-bottom box-blog-post has-hover\">\n            \t\t\t\t\t<div class=\"box-image\" >\n  \t\t\t\t\t\t<div class=\"image-cover\" style=\"padding-top:56.25%;\">\n\t\t\t\t\t\t\t<a href=\"https:\/\/geticaooh.ro\/ro\/2024\/01\/25\/getica-se-alatura-campaniilor-de-strangere-de-fonduri-lansate-de-fundatia-motivation\/\" class=\"plain\" aria-label=\"Getica se al\u0103tur\u0103 campaniilor de str\u00e2ngere de fonduri lansate de Funda\u021bia Motivation\">\n\t\t\t\t\t\t\t\t<img loading=\"lazy\" decoding=\"async\" width=\"400\" height=\"270\" src=\"https:\/\/geticaooh.ro\/wp-content\/uploads\/2024\/01\/Motivation-4-copy-2b-400x270.jpg\" class=\"attachment-medium size-medium wp-post-image\" alt=\"\" srcset=\"https:\/\/geticaooh.ro\/wp-content\/uploads\/2024\/01\/Motivation-4-copy-2b-400x270.jpg 400w, https:\/\/geticaooh.ro\/wp-content\/uploads\/2024\/01\/Motivation-4-copy-2b-768x519.jpg 768w, https:\/\/geticaooh.ro\/wp-content\/uploads\/2024\/01\/Motivation-4-copy-2b.jpg 1070w\" sizes=\"auto, (max-width: 400px) 100vw, 400px\" \/>\t\t\t\t\t\t\t<\/a>\n  \t\t\t\t\t\t\t  \t\t\t\t\t\t\t  \t\t\t\t\t\t<\/div>\n  \t\t\t\t\t\t  \t\t\t\t\t<\/div>\n          \t\t\t\t\t<div class=\"box-text text-center\" style=\"background-color:rgb(236, 242, 245);\">\n\t\t\t\t\t<div class=\"box-text-inner blog-post-inner\">\n\n\t\t\t\t\t\n\t\t\t\t\t\t\t\t\t\t\t<p class=\"cat-label tag-label is-xxsmall op-7 uppercase\">\n\t\t\t\t\tUncategorized @ro \t\t\t\t\t<\/p>\n\t\t\t\t\t\t\t\t\t\t<h5 class=\"post-title is-large \">\n\t\t\t\t\t\t<a href=\"https:\/\/geticaooh.ro\/ro\/2024\/01\/25\/getica-se-alatura-campaniilor-de-strangere-de-fonduri-lansate-de-fundatia-motivation\/\" class=\"plain\">Getica se al\u0103tur\u0103 campaniilor de str\u00e2ngere de fonduri lansate de Funda\u021bia Motivation<\/a>\n\t\t\t\t\t<\/h5>\n\t\t\t\t\t<div class=\"post-meta is-small op-8\">25\/01\/2024<\/div>\t\t\t\t\t<div class=\"is-divider\"><\/div>\n\t\t\t\t\t\t\t\t\t\t<p class=\"from_the_blog_excerpt \">\n\t\t\t\t\t\tCampaniile au ca scop str\u00e2ngerea de fonduri pentru renovarea \u0219i donarea de scaune cu rotile pentru persoanele cu dizabilit\u0103\u021bi motorii.\t\t\t\t\t<\/p>\n\t\t\t\t\t                    \n\t\t\t\t\t\t\t\t\t\t\t<a href=\"https:\/\/geticaooh.ro\/ro\/2024\/01\/25\/getica-se-alatura-campaniilor-de-strangere-de-fonduri-lansate-de-fundatia-motivation\/\" class=\"button primary is-outline is-small mb-0\">\n\t\t\t\t\t\t\tRead More\t\t\t\t\t\t<\/a>\n\t\t\t\t\t\n\t\t\t\t\t\n\t\t\t\t\t<\/div>\n\t\t\t\t\t<\/div>\n\t\t\t\t\t\t\t\t\t<\/div>\n\t\t\t<\/div>\n\t\t<\/div><div class=\"col post-item\" >\n\t\t\t<div class=\"col-inner\">\n\t\t\t\t<div class=\"box box-default box-text-bottom box-blog-post has-hover\">\n            \t\t\t\t\t<div class=\"box-image\" >\n  \t\t\t\t\t\t<div class=\"image-cover\" style=\"padding-top:56.25%;\">\n\t\t\t\t\t\t\t<a href=\"https:\/\/geticaooh.ro\/ro\/2024\/01\/25\/getica-sprijina-campania-earth-hour-a-wwf\/\" class=\"plain\" aria-label=\"Getica sprijin\u0103 campania Earth Hour a WWF\">\n\t\t\t\t\t\t\t\t<img loading=\"lazy\" decoding=\"async\" width=\"301\" height=\"300\" src=\"https:\/\/geticaooh.ro\/wp-content\/uploads\/2024\/01\/Earth-Hour-1-copy-b-301x300.jpg\" class=\"attachment-medium size-medium wp-post-image\" alt=\"\" srcset=\"https:\/\/geticaooh.ro\/wp-content\/uploads\/2024\/01\/Earth-Hour-1-copy-b-301x300.jpg 301w, https:\/\/geticaooh.ro\/wp-content\/uploads\/2024\/01\/Earth-Hour-1-copy-b-904x900.jpg 904w, https:\/\/geticaooh.ro\/wp-content\/uploads\/2024\/01\/Earth-Hour-1-copy-b-768x765.jpg 768w, https:\/\/geticaooh.ro\/wp-content\/uploads\/2024\/01\/Earth-Hour-1-copy-b.jpg 1100w\" sizes=\"auto, (max-width: 301px) 100vw, 301px\" \/>\t\t\t\t\t\t\t<\/a>\n  \t\t\t\t\t\t\t  \t\t\t\t\t\t\t  \t\t\t\t\t\t<\/div>\n  \t\t\t\t\t\t  \t\t\t\t\t<\/div>\n          \t\t\t\t\t<div class=\"box-text text-center\" style=\"background-color:rgb(236, 242, 245);\">\n\t\t\t\t\t<div class=\"box-text-inner blog-post-inner\">\n\n\t\t\t\t\t\n\t\t\t\t\t\t\t\t\t\t\t<p class=\"cat-label tag-label is-xxsmall op-7 uppercase\">\n\t\t\t\t\tUncategorized @ro \t\t\t\t\t<\/p>\n\t\t\t\t\t\t\t\t\t\t<h5 class=\"post-title is-large \">\n\t\t\t\t\t\t<a href=\"https:\/\/geticaooh.ro\/ro\/2024\/01\/25\/getica-sprijina-campania-earth-hour-a-wwf\/\" class=\"plain\">Getica sprijin\u0103 campania Earth Hour a WWF<\/a>\n\t\t\t\t\t<\/h5>\n\t\t\t\t\t<div class=\"post-meta is-small op-8\">25\/01\/2024<\/div>\t\t\t\t\t<div class=\"is-divider\"><\/div>\n\t\t\t\t\t\t\t\t\t\t<p class=\"from_the_blog_excerpt \">\n\t\t\t\t\t\tWWF (World Wide Fund for Nature) comunic\u0103 evenimentul global \u00een care milioane de oameni, institu\u021bii \u0219i companii \u00ee\u0219i sting luminile timp de 60 de minute, al\u0103tur\u00e2ndu-se celui mai mare eveniment de mediu din istorie.\t\t\t\t\t<\/p>\n\t\t\t\t\t                    \n\t\t\t\t\t\t\t\t\t\t\t<a href=\"https:\/\/geticaooh.ro\/ro\/2024\/01\/25\/getica-sprijina-campania-earth-hour-a-wwf\/\" class=\"button primary is-outline is-small mb-0\">\n\t\t\t\t\t\t\tRead More\t\t\t\t\t\t<\/a>\n\t\t\t\t\t\n\t\t\t\t\t\n\t\t\t\t\t<\/div>\n\t\t\t\t\t<\/div>\n\t\t\t\t\t\t\t\t\t<\/div>\n\t\t\t<\/div>\n\t\t<\/div><div class=\"col post-item\" >\n\t\t\t<div class=\"col-inner\">\n\t\t\t\t<div class=\"box box-default box-text-bottom box-blog-post has-hover\">\n            \t\t\t\t\t<div class=\"box-image\" >\n  \t\t\t\t\t\t<div class=\"image-cover\" style=\"padding-top:56.25%;\">\n\t\t\t\t\t\t\t<a href=\"https:\/\/geticaooh.ro\/ro\/2024\/01\/18\/doneaza-sange-salveaza-o-viata\/\" class=\"plain\" aria-label=\"Doneaz\u0103 s\u00e2nge, salveaz\u0103 o via\u021b\u0103!\">\n\t\t\t\t\t\t\t\t<img loading=\"lazy\" decoding=\"async\" width=\"201\" height=\"300\" src=\"https:\/\/geticaooh.ro\/wp-content\/uploads\/2024\/01\/Give-blood-save-a-life-n-201x300.jpg\" class=\"attachment-medium size-medium wp-post-image\" alt=\"\" srcset=\"https:\/\/geticaooh.ro\/wp-content\/uploads\/2024\/01\/Give-blood-save-a-life-n-201x300.jpg 201w, https:\/\/geticaooh.ro\/wp-content\/uploads\/2024\/01\/Give-blood-save-a-life-n-602x900.jpg 602w, https:\/\/geticaooh.ro\/wp-content\/uploads\/2024\/01\/Give-blood-save-a-life-n-768x1149.jpg 768w, https:\/\/geticaooh.ro\/wp-content\/uploads\/2024\/01\/Give-blood-save-a-life-n-1027x1536.jpg 1027w, https:\/\/geticaooh.ro\/wp-content\/uploads\/2024\/01\/Give-blood-save-a-life-n.jpg 1100w\" sizes=\"auto, (max-width: 201px) 100vw, 201px\" \/>\t\t\t\t\t\t\t<\/a>\n  \t\t\t\t\t\t\t  \t\t\t\t\t\t\t  \t\t\t\t\t\t<\/div>\n  \t\t\t\t\t\t  \t\t\t\t\t<\/div>\n          \t\t\t\t\t<div class=\"box-text text-center\" style=\"background-color:rgb(236, 242, 245);\">\n\t\t\t\t\t<div class=\"box-text-inner blog-post-inner\">\n\n\t\t\t\t\t\n\t\t\t\t\t\t\t\t\t\t\t<p class=\"cat-label tag-label is-xxsmall op-7 uppercase\">\n\t\t\t\t\tUncategorized @ro \t\t\t\t\t<\/p>\n\t\t\t\t\t\t\t\t\t\t<h5 class=\"post-title is-large \">\n\t\t\t\t\t\t<a href=\"https:\/\/geticaooh.ro\/ro\/2024\/01\/18\/doneaza-sange-salveaza-o-viata\/\" class=\"plain\">Doneaz\u0103 s\u00e2nge, salveaz\u0103 o via\u021b\u0103!<\/a>\n\t\t\t\t\t<\/h5>\n\t\t\t\t\t<div class=\"post-meta is-small op-8\">18\/01\/2024<\/div>\t\t\t\t\t<div class=\"is-divider\"><\/div>\n\t\t\t\t\t\t\t\t\t\t<p class=\"from_the_blog_excerpt \">\n\t\t\t\t\t\tNews Outdoor Romania a sus\u021binut comunicarea campaniei outdoor \u00een perioada 14 iunie - 14 iulie 2009. Tipuri de loca\u021bii folosite: Citylights \u00een Bucure\u0219ti.\t\t\t\t\t<\/p>\n\t\t\t\t\t                    \n\t\t\t\t\t\t\t\t\t\t\t<a href=\"https:\/\/geticaooh.ro\/ro\/2024\/01\/18\/doneaza-sange-salveaza-o-viata\/\" class=\"button primary is-outline is-small mb-0\">\n\t\t\t\t\t\t\tRead More\t\t\t\t\t\t<\/a>\n\t\t\t\t\t\n\t\t\t\t\t\n\t\t\t\t\t<\/div>\n\t\t\t\t\t<\/div>\n\t\t\t\t\t\t\t\t\t<\/div>\n\t\t\t<\/div>\n\t\t<\/div><div class=\"col post-item\" >\n\t\t\t<div class=\"col-inner\">\n\t\t\t\t<div class=\"box box-default box-text-bottom box-blog-post has-hover\">\n            \t\t\t\t\t<div class=\"box-image\" >\n  \t\t\t\t\t\t<div class=\"image-cover\" style=\"padding-top:56.25%;\">\n\t\t\t\t\t\t\t<a href=\"https:\/\/geticaooh.ro\/ro\/2024\/01\/17\/vitor-plus-adopta-un-copac\/\" class=\"plain\" aria-label=\"Vitor Plus \u2013 Adopt\u0103 un copac!\">\n\t\t\t\t\t\t\t\t<img loading=\"lazy\" decoding=\"async\" width=\"365\" height=\"300\" src=\"https:\/\/geticaooh.ro\/wp-content\/uploads\/2024\/01\/VIITOR-PLUS-\u2013-\u201eAdopt-a-tree-365x300.jpg\" class=\"attachment-medium size-medium wp-post-image\" alt=\"\" srcset=\"https:\/\/geticaooh.ro\/wp-content\/uploads\/2024\/01\/VIITOR-PLUS-\u2013-\u201eAdopt-a-tree-365x300.jpg 365w, https:\/\/geticaooh.ro\/wp-content\/uploads\/2024\/01\/VIITOR-PLUS-\u2013-\u201eAdopt-a-tree-1095x900.jpg 1095w, https:\/\/geticaooh.ro\/wp-content\/uploads\/2024\/01\/VIITOR-PLUS-\u2013-\u201eAdopt-a-tree-768x631.jpg 768w, https:\/\/geticaooh.ro\/wp-content\/uploads\/2024\/01\/VIITOR-PLUS-\u2013-\u201eAdopt-a-tree.jpg 1100w\" sizes=\"auto, (max-width: 365px) 100vw, 365px\" \/>\t\t\t\t\t\t\t<\/a>\n  \t\t\t\t\t\t\t  \t\t\t\t\t\t\t  \t\t\t\t\t\t<\/div>\n  \t\t\t\t\t\t  \t\t\t\t\t<\/div>\n          \t\t\t\t\t<div class=\"box-text text-center\" style=\"background-color:rgb(236, 242, 245);\">\n\t\t\t\t\t<div class=\"box-text-inner blog-post-inner\">\n\n\t\t\t\t\t\n\t\t\t\t\t\t\t\t\t\t\t<p class=\"cat-label tag-label is-xxsmall op-7 uppercase\">\n\t\t\t\t\tUncategorized @ro \t\t\t\t\t<\/p>\n\t\t\t\t\t\t\t\t\t\t<h5 class=\"post-title is-large \">\n\t\t\t\t\t\t<a href=\"https:\/\/geticaooh.ro\/ro\/2024\/01\/17\/vitor-plus-adopta-un-copac\/\" class=\"plain\">Vitor Plus \u2013 Adopt\u0103 un copac!<\/a>\n\t\t\t\t\t<\/h5>\n\t\t\t\t\t<div class=\"post-meta is-small op-8\">17\/01\/2024<\/div>\t\t\t\t\t<div class=\"is-divider\"><\/div>\n\t\t\t\t\t\t\t\t\t\t<p class=\"from_the_blog_excerpt \">\n\t\t\t\t\t\tNews Outdoor Rom\u00e2nia a fost partenerul campaniei de str\u00e2ngere de fonduri \u201eViitor Plus \u2013 \u201eAdopt\u0103 un copac\u201d.\t\t\t\t\t<\/p>\n\t\t\t\t\t                    \n\t\t\t\t\t\t\t\t\t\t\t<a href=\"https:\/\/geticaooh.ro\/ro\/2024\/01\/17\/vitor-plus-adopta-un-copac\/\" class=\"button primary is-outline is-small mb-0\">\n\t\t\t\t\t\t\tRead More\t\t\t\t\t\t<\/a>\n\t\t\t\t\t\n\t\t\t\t\t\n\t\t\t\t\t<\/div>\n\t\t\t\t\t<\/div>\n\t\t\t\t\t\t\t\t\t<\/div>\n\t\t\t<\/div>\n\t\t<\/div><div class=\"col post-item\" >\n\t\t\t<div class=\"col-inner\">\n\t\t\t\t<div class=\"box box-default box-text-bottom box-blog-post has-hover\">\n            \t\t\t\t\t<div class=\"box-image\" >\n  \t\t\t\t\t\t<div class=\"image-cover\" style=\"padding-top:56.25%;\">\n\t\t\t\t\t\t\t<a href=\"https:\/\/geticaooh.ro\/ro\/2024\/01\/16\/alte-campanii-csr\/\" class=\"plain\" aria-label=\"Alte campanii CSR\">\n\t\t\t\t\t\t\t\t<img loading=\"lazy\" decoding=\"async\" width=\"400\" height=\"270\" src=\"https:\/\/geticaooh.ro\/wp-content\/uploads\/2024\/01\/CAMPAIGN-SALVATI-COPIII-\u2013-Inundatii-400x270.jpg\" class=\"attachment-medium size-medium wp-post-image\" alt=\"\" srcset=\"https:\/\/geticaooh.ro\/wp-content\/uploads\/2024\/01\/CAMPAIGN-SALVATI-COPIII-\u2013-Inundatii-400x270.jpg 400w, https:\/\/geticaooh.ro\/wp-content\/uploads\/2024\/01\/CAMPAIGN-SALVATI-COPIII-\u2013-Inundatii-768x519.jpg 768w, https:\/\/geticaooh.ro\/wp-content\/uploads\/2024\/01\/CAMPAIGN-SALVATI-COPIII-\u2013-Inundatii.jpg 1100w\" sizes=\"auto, (max-width: 400px) 100vw, 400px\" \/>\t\t\t\t\t\t\t<\/a>\n  \t\t\t\t\t\t\t  \t\t\t\t\t\t\t  \t\t\t\t\t\t<\/div>\n  \t\t\t\t\t\t  \t\t\t\t\t<\/div>\n          \t\t\t\t\t<div class=\"box-text text-center\" style=\"background-color:rgb(236, 242, 245);\">\n\t\t\t\t\t<div class=\"box-text-inner blog-post-inner\">\n\n\t\t\t\t\t\n\t\t\t\t\t\t\t\t\t\t\t<p class=\"cat-label tag-label is-xxsmall op-7 uppercase\">\n\t\t\t\t\tUncategorized @ro \t\t\t\t\t<\/p>\n\t\t\t\t\t\t\t\t\t\t<h5 class=\"post-title is-large \">\n\t\t\t\t\t\t<a href=\"https:\/\/geticaooh.ro\/ro\/2024\/01\/16\/alte-campanii-csr\/\" class=\"plain\">Alte campanii CSR<\/a>\n\t\t\t\t\t<\/h5>\n\t\t\t\t\t<div class=\"post-meta is-small op-8\">16\/01\/2024<\/div>\t\t\t\t\t<div class=\"is-divider\"><\/div>\n\t\t\t\t\t\t\t\t\t\t<p class=\"from_the_blog_excerpt \">\n\t\t\t\t\t\tNews Outdoor Romania a sus\u021binut aceste programe oferind spa\u021biu publicitar exterior.\t\t\t\t\t<\/p>\n\t\t\t\t\t                    \n\t\t\t\t\t\t\t\t\t\t\t<a href=\"https:\/\/geticaooh.ro\/ro\/2024\/01\/16\/alte-campanii-csr\/\" class=\"button primary is-outline is-small mb-0\">\n\t\t\t\t\t\t\tRead More\t\t\t\t\t\t<\/a>\n\t\t\t\t\t\n\t\t\t\t\t\n\t\t\t\t\t<\/div>\n\t\t\t\t\t<\/div>\n\t\t\t\t\t\t\t\t\t<\/div>\n\t\t\t<\/div>\n\t\t<\/div><div class=\"col post-item\" >\n\t\t\t<div class=\"col-inner\">\n\t\t\t\t<div class=\"box box-default box-text-bottom box-blog-post has-hover\">\n            \t\t\t\t\t<div class=\"box-image\" >\n  \t\t\t\t\t\t<div class=\"image-cover\" style=\"padding-top:56.25%;\">\n\t\t\t\t\t\t\t<a href=\"https:\/\/geticaooh.ro\/ro\/2024\/01\/16\/campania-linia-roz\/\" class=\"plain\" aria-label=\"Campania &#8222;Linia roz&#8221;\">\n\t\t\t\t\t\t\t\t<img loading=\"lazy\" decoding=\"async\" width=\"400\" height=\"239\" src=\"https:\/\/geticaooh.ro\/wp-content\/uploads\/2024\/01\/5-400x239.jpg\" class=\"attachment-medium size-medium wp-post-image\" alt=\"\" srcset=\"https:\/\/geticaooh.ro\/wp-content\/uploads\/2024\/01\/5-400x239.jpg 400w, https:\/\/geticaooh.ro\/wp-content\/uploads\/2024\/01\/5-768x458.jpg 768w, https:\/\/geticaooh.ro\/wp-content\/uploads\/2024\/01\/5.jpg 1100w\" sizes=\"auto, (max-width: 400px) 100vw, 400px\" \/>\t\t\t\t\t\t\t<\/a>\n  \t\t\t\t\t\t\t  \t\t\t\t\t\t\t  \t\t\t\t\t\t<\/div>\n  \t\t\t\t\t\t  \t\t\t\t\t<\/div>\n          \t\t\t\t\t<div class=\"box-text text-center\" style=\"background-color:rgb(236, 242, 245);\">\n\t\t\t\t\t<div class=\"box-text-inner blog-post-inner\">\n\n\t\t\t\t\t\n\t\t\t\t\t\t\t\t\t\t\t<p class=\"cat-label tag-label is-xxsmall op-7 uppercase\">\n\t\t\t\t\tUncategorized @ro \t\t\t\t\t<\/p>\n\t\t\t\t\t\t\t\t\t\t<h5 class=\"post-title is-large \">\n\t\t\t\t\t\t<a href=\"https:\/\/geticaooh.ro\/ro\/2024\/01\/16\/campania-linia-roz\/\" class=\"plain\">Campania &#8222;Linia roz&#8221;<\/a>\n\t\t\t\t\t<\/h5>\n\t\t\t\t\t<div class=\"post-meta is-small op-8\">16\/01\/2024<\/div>\t\t\t\t\t<div class=\"is-divider\"><\/div>\n\t\t\t\t\t\t\t\t\t\t<p class=\"from_the_blog_excerpt \">\n\t\t\t\t\t\tIdeea acestei campanii a fost de a indica un num\u0103r de telefon la care oamenii s\u0103 poat\u0103 suna \u0219i s\u0103 \u00eentrebe totul despre controlul cancerului de s\u00e2n.\t\t\t\t\t<\/p>\n\t\t\t\t\t                    \n\t\t\t\t\t\t\t\t\t\t\t<a href=\"https:\/\/geticaooh.ro\/ro\/2024\/01\/16\/campania-linia-roz\/\" class=\"button primary is-outline is-small mb-0\">\n\t\t\t\t\t\t\tRead More\t\t\t\t\t\t<\/a>\n\t\t\t\t\t\n\t\t\t\t\t\n\t\t\t\t\t<\/div>\n\t\t\t\t\t<\/div>\n\t\t\t\t\t\t\t\t\t<\/div>\n\t\t\t<\/div>\n\t\t<\/div><div class=\"col post-item\" >\n\t\t\t<div class=\"col-inner\">\n\t\t\t\t<div class=\"box box-default box-text-bottom box-blog-post has-hover\">\n            \t\t\t\t\t<div class=\"box-image\" >\n  \t\t\t\t\t\t<div class=\"image-cover\" style=\"padding-top:56.25%;\">\n\t\t\t\t\t\t\t<a href=\"https:\/\/geticaooh.ro\/ro\/2024\/01\/15\/pasim-impreuna-in-uniunea-europeana\/\" class=\"plain\" aria-label=\"P\u0103\u0219im \u00eempreun\u0103 \u00een Uniunea European\u0103\">\n\t\t\t\t\t\t\t\t<img loading=\"lazy\" decoding=\"async\" width=\"400\" height=\"274\" src=\"https:\/\/geticaooh.ro\/wp-content\/uploads\/2024\/01\/9-400x274.jpg\" class=\"attachment-medium size-medium wp-post-image\" alt=\"\" srcset=\"https:\/\/geticaooh.ro\/wp-content\/uploads\/2024\/01\/9-400x274.jpg 400w, https:\/\/geticaooh.ro\/wp-content\/uploads\/2024\/01\/9-768x526.jpg 768w, https:\/\/geticaooh.ro\/wp-content\/uploads\/2024\/01\/9.jpg 1100w\" sizes=\"auto, (max-width: 400px) 100vw, 400px\" \/>\t\t\t\t\t\t\t<\/a>\n  \t\t\t\t\t\t\t  \t\t\t\t\t\t\t  \t\t\t\t\t\t<\/div>\n  \t\t\t\t\t\t  \t\t\t\t\t<\/div>\n          \t\t\t\t\t<div class=\"box-text text-center\" style=\"background-color:rgb(236, 242, 245);\">\n\t\t\t\t\t<div class=\"box-text-inner blog-post-inner\">\n\n\t\t\t\t\t\n\t\t\t\t\t\t\t\t\t\t\t<p class=\"cat-label tag-label is-xxsmall op-7 uppercase\">\n\t\t\t\t\tUncategorized @ro \t\t\t\t\t<\/p>\n\t\t\t\t\t\t\t\t\t\t<h5 class=\"post-title is-large \">\n\t\t\t\t\t\t<a href=\"https:\/\/geticaooh.ro\/ro\/2024\/01\/15\/pasim-impreuna-in-uniunea-europeana\/\" class=\"plain\">P\u0103\u0219im \u00eempreun\u0103 \u00een Uniunea European\u0103<\/a>\n\t\t\t\t\t<\/h5>\n\t\t\t\t\t<div class=\"post-meta is-small op-8\">15\/01\/2024<\/div>\t\t\t\t\t<div class=\"is-divider\"><\/div>\n\t\t\t\t\t\t\t\t\t\t<p class=\"from_the_blog_excerpt \">\n\t\t\t\t\t\t\u00cen acest sens, pe parcursul anului 2009, Centrul de Informare ED CENTRAS din Bucure\u0219ti a reu\u0219it s\u0103 adune cu sprijinul partenerilor peste 50 de zile de expunere \u00een aer liber \u00een centrul capitalei \u0219i peste 400 de zile de afi\u0219are [...]\t\t\t\t\t<\/p>\n\t\t\t\t\t                    \n\t\t\t\t\t\t\t\t\t\t\t<a href=\"https:\/\/geticaooh.ro\/ro\/2024\/01\/15\/pasim-impreuna-in-uniunea-europeana\/\" class=\"button primary is-outline is-small mb-0\">\n\t\t\t\t\t\t\tRead More\t\t\t\t\t\t<\/a>\n\t\t\t\t\t\n\t\t\t\t\t\n\t\t\t\t\t<\/div>\n\t\t\t\t\t<\/div>\n\t\t\t\t\t\t\t\t\t<\/div>\n\t\t\t<\/div>\n\t\t<\/div><\/div>\n\t\t<\/div>\n\t\t\t\t\n<style>\n#col-92254502 > .col-inner {\n  padding: 0px 0px 0px 0px;\n  margin: 0px 0px 0px 0px;\n}\n<\/style>\n\t<\/div>\n\n\t\n\n<style>\n#row-455846516 > .col > .col-inner {\n  padding: 0px 0px 0px 0px;\n}\n<\/style>\n<\/div>\n\t\t<\/div>\n\n\t\t\n<style>\n#section_1645955521 {\n  padding-top: 0px;\n  padding-bottom: 0px;\n}\n<\/style>\n\t<\/section>\n\t\n","protected":false},"excerpt":{"rendered":"","protected":false},"author":1,"featured_media":0,"parent":0,"menu_order":0,"comment_status":"closed","ping_status":"closed","template":"page-right-sidebar.php","meta":{"footnotes":""},"class_list":["post-996","page","type-page","status-publish","hentry"],"_links":{"self":[{"href":"https:\/\/geticaooh.ro\/ro\/wp-json\/wp\/v2\/pages\/996","targetHints":{"allow":["GET"]}}],"collection":[{"href":"https:\/\/geticaooh.ro\/ro\/wp-json\/wp\/v2\/pages"}],"about":[{"href":"https:\/\/geticaooh.ro\/ro\/wp-json\/wp\/v2\/types\/page"}],"author":[{"embeddable":true,"href":"https:\/\/geticaooh.ro\/ro\/wp-json\/wp\/v2\/users\/1"}],"replies":[{"embeddable":true,"href":"https:\/\/geticaooh.ro\/ro\/wp-json\/wp\/v2\/comments?post=996"}],"version-history":[{"count":0,"href":"https:\/\/geticaooh.ro\/ro\/wp-json\/wp\/v2\/pages\/996\/revisions"}],"wp:attachment":[{"href":"https:\/\/geticaooh.ro\/ro\/wp-json\/wp\/v2\/media?parent=996"}],"curies":[{"name":"wp","href":"https:\/\/api.w.org\/{rel}","templated":true}]}}